{"id":3,"date":"2024-06-04T04:23:29","date_gmt":"2024-06-04T02:23:29","guid":{"rendered":"https:\/\/km5.creatic.cat\/?page_id=3"},"modified":"2024-12-19T13:18:36","modified_gmt":"2024-12-19T12:18:36","slug":"politica-privacidad","status":"publish","type":"page","link":"https:\/\/www.km5international.com\/ca\/politica-privacidad\/","title":{"rendered":"Politica de privacitat"},"content":{"rendered":"<div data-elementor-type=\"wp-page\" data-elementor-id=\"3\" class=\"elementor elementor-3\">\n\t\t\t\t\t\t<section class=\"elementor-section elementor-top-section elementor-element elementor-element-7ddb87a8 elementor-section-boxed elementor-section-height-default elementor-section-height-default\" data-id=\"7ddb87a8\" data-element_type=\"section\">\n\t\t\t\t\t\t<div class=\"elementor-container elementor-column-gap-default\">\n\t\t\t\t\t<div class=\"aux-parallax-section elementor-column elementor-col-100 elementor-top-column elementor-element elementor-element-1885469d\" data-id=\"1885469d\" data-element_type=\"column\">\n\t\t\t<div class=\"elementor-widget-wrap elementor-element-populated\">\n\t\t\t\t\t\t<div class=\"elementor-element elementor-element-66833975 elementor-widget elementor-widget-text-editor\" data-id=\"66833975\" data-element_type=\"widget\" data-widget_type=\"text-editor.default\">\n\t\t\t\t<div class=\"elementor-widget-container\">\n\t\t\t\t\t\t\t\t\t<h3><strong>Pol\u00edtica General de Privacidad<br \/><br \/><\/strong><\/h3>\n<ol>\n<li><strong><span style=\"text-decoration: underline;\">Introducci\u00f3n<\/span><\/strong><\/li>\n<\/ol>\n<p>KM5 INTERNATIONAL, S.L.U. est\u00e1 plenamente comprometida con el cumplimiento de la normativa y Reglamento General de Protecci\u00f3n de Datos de la Uni\u00f3n Europea y la normativa relativa a la protecci\u00f3n de datos de car\u00e1cter personal vigente en cada momento, siendo un objetivo prioritario para KM5 INTERNATIONAL, S.L.U.<\/p>\n<p>El objetivo de esta pol\u00edtica es explicarle como KM5 INTERNATIONAL, S.L.U tratar\u00e1 sus datos personales que puedan ser recabados a trav\u00e9s de los distintos formularios que a tal efecto pueden disponerse en la p\u00e1gina Web. Sus datos personales ser\u00e1n tratados por las empresas de su mismo grupo, GRUPO COPISA, de forma confidencial y solo para aquellas finalidades que usted haya consentido, tal y como se explica a continuaci\u00f3n en la presente pol\u00edtica.<\/p>\n<ol start=\"2\">\n<li><strong>Finalidades de los tratamientos<\/strong><\/li>\n<\/ol>\n<p>El responsable del tratamiento de sus datos personales es GRUPO EMPRESARIAL COPISA, S.A. (en adelante GRUPO COPISA) sita en Plaza Europa, 2-4, 08902 L\u2019Hospitalet de Llobregat (Barcelona) y NIF A-64891054<\/p>\n<p>GRUPO COPISA recaba sus datos personales para poder gestionar sus solicitudes y ofrecerle los servicios y productos que usted pueda estar interesado. En concreto tratamos sus datos personales con las siguientes finalidades:<\/p>\n<p>\u2013 Si el usuario contacta a trav\u00e9s de nuestros canales con GRUPO COPISA, sus datos se tratar\u00e1n para dar respuesta a las dudas y consultas planteadas.<\/p>\n<p>\u2013 Si el usuario ha consentido expresamente la recepci\u00f3n de comunicaciones informativas sobre determinados productos o servicios sus datos ser\u00e1n tratados para la gesti\u00f3n y el control del env\u00edo y de la recepci\u00f3n de dicha informaci\u00f3n.<\/p>\n<p>\u2013 Si el usuario contacta con GRUPO COPISA a trav\u00e9s del apartado Trabaja con nosotros con la finalidad de enviarnos su candidatura a trav\u00e9s de nuestra p\u00e1gina web.<\/p>\n<p>\u2013 Cualquier otra finalidad ser\u00e1 comunicada al usuario antes de proceder al tratamiento de sus datos.<\/p>\n<p>Le informamos que en algunas ocasiones puede ser necesario el tratamiento de sus datos personales para dar cumplimiento a obligaciones legales, o en relaci\u00f3n con cualquier relaci\u00f3n contractual que podamos tener con usted.<\/p>\n<p>En los dem\u00e1s supuestos, y siempre que sea oportuno le solicitaremos su consentimiento para tratar sus datos personales.<\/p>\n<ol start=\"3\">\n<li><strong>Env\u00edo de comunicaciones comerciales y comunicaciones de datos<\/strong><\/li>\n<\/ol>\n<p>En el supuesto que nos haya autorizado, a trav\u00e9s de la prestaci\u00f3n de su consentimiento, le enviaremos comunicaciones comerciales. GRUPO COPISA le enviar\u00e1 informaci\u00f3n sobre sus productos, actividades y servicios.<\/p>\n<p>Le informamos que en cualquier momento podr\u00e1 revocar su consentimiento a recibir comunicaciones comerciales en cada una de las comunicaciones, marcando el link \u201cbaja\u201d, o comunicando su voluntad de revocar el consentimiento en las siguientes direcciones:<\/p>\n<p>(i). Correo electr\u00f3nico que deber\u00e1 dirigir a la direcci\u00f3n:\u00a0<a href=\"mailto:privacy@grupocopisa.com\">privacy@grupocopisa.com<\/a><\/p>\n<p>(ii). Correo postal dirigido a Plaza Europa, 2-4, 08902 L\u2019Hospitalet de Llobregat (Barcelona)<\/p>\n<p>Sus datos no ser\u00e1n vendidos, alquilados o puestos a disposici\u00f3n de ninguna otra forma a ning\u00fan tercero. En determinados casos se dar\u00e1 acceso a determinados proveedores de servicios quienes realizan determinadas actividades para la compa\u00f1\u00eda, pero que en ning\u00fan caso trataran los datos para finalidades propias.<\/p>\n<ol start=\"4\">\n<li><strong>Plazo de conservaci\u00f3n<\/strong><\/li>\n<\/ol>\n<p>Sus datos se conservar\u00e1n durante el plazo establecido en cada apartado de la web en el que se soliciten datos de car\u00e1cter personal, salvo que usted consienta que se conserven durante un plazo superior, sin perjuicio de conservaci\u00f3n y mantenimiento bajo el debido bloqueo para su puesta a disposici\u00f3n de las Autoridades con competencia en las distintas materias que sean de aplicaci\u00f3n.<\/p>\n<ol start=\"5\">\n<li><strong>Ejercicio de derechos y reclamaciones ante la AEPD<\/strong><\/li>\n<\/ol>\n<p>Como consecuencia del tratamiento de sus datos personales por parte de GRUPO COPISA la legislaci\u00f3n vigente le otorga una serie de derechos.<\/p>\n<p>En concreto usted puede ejercer los siguientes derechos:<\/p>\n<ol>\n<li>Derecho de acceso: Ud tendr\u00e1 derecho a conocer los datos personales que tratamos sobre Ud. de acuerdo con las finalidades que le hemos informado.<\/li>\n<li>Derecho de rectificaci\u00f3n: Ud. tendr\u00e1 derecho a poder rectificar cualquier dato que sea inexacto o incompleto.<\/li>\n<li>Derecho de supresi\u00f3n: Ud. podr\u00e1 solicitar que sus datos personales sean suprimidos de nuestros ficheros.<\/li>\n<li>Derecho de oposici\u00f3n: Ud. podr\u00e1 oponerse al tratamiento de sus datos en relaci\u00f3n con las acciones de marketing directo. As\u00ed como por motivos personales, salvo que la base del tratamiento sea el inter\u00e9s leg\u00edtimo.<\/li>\n<li>Derecho de limitaci\u00f3n del tratamiento: Ud. podr\u00e1 solicitar la limitaci\u00f3n del tratamiento en el caso de impugne su exactitud. Es decir, se limitar\u00e1 el tratamiento cuando sea il\u00edcito y Ud. se haya opuesto a la supresi\u00f3n de sus datos personales y solicita en su lugar la limitaci\u00f3n de su uso. Cuando los datos no sean necesarios para el tratamiento, pero si Ud. los necesita para la formulaci\u00f3n o ejercicio o defensa de reclamaciones.<\/li>\n<li>Derecho a la portabilidad de sus datos: Ud. tendr\u00e1 derecho a que siempre que sea posible t\u00e9cnicamente y que se encuentre amparado dentro de los supuestos establecidos en el caso de que el tratamiento est\u00e9 basado en el consentimiento, o en un contrato suscrito con el responsable, podr\u00e1 solicitar que sus datos personales sean comunicados a otro responsable del tratamiento.<\/li>\n<li>En cumplimiento de lo dispuesto en la Ley de Servicios de la Sociedad de la Informaci\u00f3n y Comercio Electr\u00f3nico (LSSI): Ud. podr\u00e1 revocar en cualquier momento su consentimiento al env\u00edo de comunicaciones comerciales por medios electr\u00f3nicos.<\/li>\n<li>Revocar el consentimiento prestado para el tratamiento de sus datos personales.<\/li>\n<\/ol>\n<p>El ejercicio de los derechos que ostenta podr\u00e1 ejercerlos dirigi\u00e9ndose al Comit\u00e9 de Protecci\u00f3n de Datos (DPD) a trav\u00e9s de alguno de los siguientes medios, acompa\u00f1ando copia de su DNI o documento identificativo equivalente:<\/p>\n<p>(i). Correo electr\u00f3nico que deber\u00e1 dirigir a la direcci\u00f3n:\u00a0<a href=\"mailto:privacy@grupocopisa.com\">privacy@grupocopisa.com<\/a><\/p>\n<p>(ii). Correo postal dirigido a Plaza Europa, 2-4, 08902 L\u2019Hospitalet de Llobregat (Barcelona)<\/p>\n<p>Asimismo, en caso de que no quiera ejercer un derecho en concreto, pero tenga la necesidad de realizar una consulta o sugerencia en relaci\u00f3n con el tratamiento de sus datos de car\u00e1cter personal tambi\u00e9n podr\u00e1 dirigirse a las direcciones facilitadas para el ejercicio de los derechos.<\/p>\n<p>Por otro lado, GRUPO COPISA le informa que usted tiene derecho a presentar una reclamaci\u00f3n ante la Agencia Espa\u00f1ola de Protecci\u00f3n de Datos (AEPD), autoridad competente en materia de protecci\u00f3n de datos.<\/p>\n<ol start=\"6\">\n<li><strong>Confidencialidad y Seguridad en el tratamiento de datos<\/strong><\/li>\n<\/ol>\n<p>La informaci\u00f3n recibida por GRUPO COPISA a trav\u00e9s de la presente p\u00e1gina Web ser\u00e1 tratada con la m\u00e1xima reserva y confidencialidad.<\/p>\n<p>Asimismo, GRUPO COPISA declara y garantiza que ha establecido todos los medios t\u00e9cnicos a su alcance para evitar la p\u00e9rdida, mal uso, alteraci\u00f3n, acceso no autorizado y robo de los datos facilitados por los usuarios, sin perjuicio de informar que las medidas de seguridad en Internet no son inexpugnables.<\/p>\n<ol start=\"7\">\n<li><strong>Transferencias Internacionales<\/strong><\/li>\n<\/ol>\n<p>Grupo COPISA tiene presencia fuera de la UE, es por ello, que, en algunas ocasiones, puede ser que los datos personales se traten fuera del Espacio Econ\u00f3mico Europeo (EEE). En estas situaciones GRUPO COPISA garantiza que aplicar\u00e1 todas las medidas y controles para garantizar y proteger el tratamiento de sus datos personales.<\/p>\n<p>Las principales medidas que adopta GRUPO COPISA cuando se realiza una transferencia internacional de datos personales son, la firma de cl\u00e1usulas contractuales tipo aprobadas por la Comisi\u00f3n Europea, normas corporativas, vinculantes y certificaciones o c\u00f3digos de conducta aprobados por la Comisi\u00f3n Europea.<\/p>\n<ol start=\"8\">\n<li><strong>Contacta con GRUPO COPISA<\/strong><\/li>\n<\/ol>\n<p>Si tiene alguna consulta o duda sobre el tratamiento de sus datos personales por favor, p\u00f3ngase en contacto con nosotros a trav\u00e9s:<\/p>\n<p>(i). Correo electr\u00f3nico que deber\u00e1 dirigir a la direcci\u00f3n:\u00a0<a href=\"mailto:privacy@grupocopisa.com\">privacy@grupocopisa.com<\/a><\/p>\n<p>(ii). Formularios de contacto de la web<\/p>\n<p>(ii). Correo postal dirigido a Plaza Europa, 2-4, 08902 L\u2019Hospitalet de Llobregat (Barcelona)<\/p>\n<p>\u00a0<\/p>\n<p><strong>\u00a0<\/strong><\/p>\n<p>\u00a0<\/p>\t\t\t\t\t\t\t\t<\/div>\n\t\t\t\t<\/div>\n\t\t\t\t\t<\/div>\n\t\t<\/div>\n\t\t\t\t\t<\/div>\n\t\t<\/section>\n\t\t\t\t<\/div>","protected":false},"excerpt":{"rendered":"<p>Pol\u00edtica General de Privacidad Introducci\u00f3n KM5 INTERNATIONAL, S.L.U. est\u00e1 plenamente comprometida con el cumplimiento de la normativa y Reglamento General de Protecci\u00f3n de Datos de la Uni\u00f3n Europea y la normativa relativa a la protecci\u00f3n de datos de car\u00e1cter personal vigente en cada momento, siendo un objetivo prioritario para KM5 INTERNATIONAL, S.L.U. El objetivo de [&hellip;]<\/p>","protected":false},"author":1,"featured_media":0,"parent":0,"menu_order":0,"comment_status":"closed","ping_status":"open","template":"","meta":{"footnotes":""},"class_list":["post-3","page","type-page","status-publish","hentry"],"yoast_head":"<!-- This site is optimized with the Yoast SEO plugin v25.3.1 - https:\/\/yoast.com\/wordpress\/plugins\/seo\/ -->\n<title>Pol\u00edtica de privacidad - Km5 Cantera El Roc\u00e0<\/title>\n<meta name=\"robots\" content=\"noindex, nofollow\" \/>\n<meta property=\"og:locale\" content=\"ca_ES\" \/>\n<meta property=\"og:type\" content=\"article\" \/>\n<meta property=\"og:title\" content=\"Pol\u00edtica de privacidad - Km5 Cantera El Roc\u00e0\" \/>\n<meta property=\"og:description\" content=\"Pol\u00edtica General de Privacidad Introducci\u00f3n KM5 INTERNATIONAL, S.L.U. est\u00e1 plenamente comprometida con el cumplimiento de la normativa y Reglamento General de Protecci\u00f3n de Datos de la Uni\u00f3n Europea y la normativa relativa a la protecci\u00f3n de datos de car\u00e1cter personal vigente en cada momento, siendo un objetivo prioritario para KM5 INTERNATIONAL, S.L.U. El objetivo de [&hellip;]\" \/>\n<meta property=\"og:url\" content=\"https:\/\/www.km5international.com\/ca\/politica-privacidad\/\" \/>\n<meta property=\"og:site_name\" content=\"Km5 Cantera El Roc\u00e0\" \/>\n<meta property=\"article:modified_time\" content=\"2024-12-19T12:18:36+00:00\" \/>\n<meta name=\"twitter:card\" content=\"summary_large_image\" \/>\n<meta name=\"twitter:label1\" content=\"Temps estimat de lectura\" \/>\n\t<meta name=\"twitter:data1\" content=\"6 minuts\" \/>\n<script type=\"application\/ld+json\" class=\"yoast-schema-graph\">{\"@context\":\"https:\/\/schema.org\",\"@graph\":[{\"@type\":\"WebPage\",\"@id\":\"https:\/\/www.km5international.com\/politica-privacidad\/\",\"url\":\"https:\/\/www.km5international.com\/politica-privacidad\/\",\"name\":\"Pol\u00edtica de privacidad - Km5 Cantera El Roc\u00e0\",\"isPartOf\":{\"@id\":\"https:\/\/www.km5international.com\/ca\/#website\"},\"datePublished\":\"2024-06-04T02:23:29+00:00\",\"dateModified\":\"2024-12-19T12:18:36+00:00\",\"breadcrumb\":{\"@id\":\"https:\/\/www.km5international.com\/politica-privacidad\/#breadcrumb\"},\"inLanguage\":\"ca\",\"potentialAction\":[{\"@type\":\"ReadAction\",\"target\":[\"https:\/\/www.km5international.com\/politica-privacidad\/\"]}]},{\"@type\":\"BreadcrumbList\",\"@id\":\"https:\/\/www.km5international.com\/politica-privacidad\/#breadcrumb\",\"itemListElement\":[{\"@type\":\"ListItem\",\"position\":1,\"name\":\"Portada\",\"item\":\"https:\/\/www.km5international.com\/\"},{\"@type\":\"ListItem\",\"position\":2,\"name\":\"Pol\u00edtica de privacidad\"}]},{\"@type\":\"WebSite\",\"@id\":\"https:\/\/www.km5international.com\/ca\/#website\",\"url\":\"https:\/\/www.km5international.com\/ca\/\",\"name\":\"Km5 Cantera El Roc\u00e0\",\"description\":\"Cantera el Roc\u00e0\",\"publisher\":{\"@id\":\"https:\/\/www.km5international.com\/ca\/#organization\"},\"potentialAction\":[{\"@type\":\"SearchAction\",\"target\":{\"@type\":\"EntryPoint\",\"urlTemplate\":\"https:\/\/www.km5international.com\/ca\/?s={search_term_string}\"},\"query-input\":{\"@type\":\"PropertyValueSpecification\",\"valueRequired\":true,\"valueName\":\"search_term_string\"}}],\"inLanguage\":\"ca\"},{\"@type\":\"Organization\",\"@id\":\"https:\/\/www.km5international.com\/ca\/#organization\",\"name\":\"Km5 Cantera El Roc\u00e0\",\"url\":\"https:\/\/www.km5international.com\/ca\/\",\"logo\":{\"@type\":\"ImageObject\",\"inLanguage\":\"ca\",\"@id\":\"https:\/\/www.km5international.com\/ca\/#\/schema\/logo\/image\/\",\"url\":\"https:\/\/www.km5international.com\/wp-content\/uploads\/2024\/06\/cropped-v.8-km5.png\",\"contentUrl\":\"https:\/\/www.km5international.com\/wp-content\/uploads\/2024\/06\/cropped-v.8-km5.png\",\"width\":377,\"height\":106,\"caption\":\"Km5 Cantera El Roc\u00e0\"},\"image\":{\"@id\":\"https:\/\/www.km5international.com\/ca\/#\/schema\/logo\/image\/\"}}]}<\/script>\n<!-- \/ Yoast SEO plugin. -->","yoast_head_json":{"title":"Pol\u00edtica de privacidad - Km5 Cantera El Roc\u00e0","robots":{"index":"noindex","follow":"nofollow"},"og_locale":"ca_ES","og_type":"article","og_title":"Pol\u00edtica de privacidad - Km5 Cantera El Roc\u00e0","og_description":"Pol\u00edtica General de Privacidad Introducci\u00f3n KM5 INTERNATIONAL, S.L.U. est\u00e1 plenamente comprometida con el cumplimiento de la normativa y Reglamento General de Protecci\u00f3n de Datos de la Uni\u00f3n Europea y la normativa relativa a la protecci\u00f3n de datos de car\u00e1cter personal vigente en cada momento, siendo un objetivo prioritario para KM5 INTERNATIONAL, S.L.U. El objetivo de [&hellip;]","og_url":"https:\/\/www.km5international.com\/ca\/politica-privacidad\/","og_site_name":"Km5 Cantera El Roc\u00e0","article_modified_time":"2024-12-19T12:18:36+00:00","twitter_card":"summary_large_image","twitter_misc":{"Temps estimat de lectura":"6 minuts"},"schema":{"@context":"https:\/\/schema.org","@graph":[{"@type":"WebPage","@id":"https:\/\/www.km5international.com\/politica-privacidad\/","url":"https:\/\/www.km5international.com\/politica-privacidad\/","name":"Pol\u00edtica de privacidad - Km5 Cantera El Roc\u00e0","isPartOf":{"@id":"https:\/\/www.km5international.com\/ca\/#website"},"datePublished":"2024-06-04T02:23:29+00:00","dateModified":"2024-12-19T12:18:36+00:00","breadcrumb":{"@id":"https:\/\/www.km5international.com\/politica-privacidad\/#breadcrumb"},"inLanguage":"ca","potentialAction":[{"@type":"ReadAction","target":["https:\/\/www.km5international.com\/politica-privacidad\/"]}]},{"@type":"BreadcrumbList","@id":"https:\/\/www.km5international.com\/politica-privacidad\/#breadcrumb","itemListElement":[{"@type":"ListItem","position":1,"name":"Portada","item":"https:\/\/www.km5international.com\/"},{"@type":"ListItem","position":2,"name":"Pol\u00edtica de privacidad"}]},{"@type":"WebSite","@id":"https:\/\/www.km5international.com\/ca\/#website","url":"https:\/\/www.km5international.com\/ca\/","name":"Km5 Cantera El Roc\u00e0","description":"Cantera el Roc\u00e0","publisher":{"@id":"https:\/\/www.km5international.com\/ca\/#organization"},"potentialAction":[{"@type":"SearchAction","target":{"@type":"EntryPoint","urlTemplate":"https:\/\/www.km5international.com\/ca\/?s={search_term_string}"},"query-input":{"@type":"PropertyValueSpecification","valueRequired":true,"valueName":"search_term_string"}}],"inLanguage":"ca"},{"@type":"Organization","@id":"https:\/\/www.km5international.com\/ca\/#organization","name":"Km5 Cantera El Roc\u00e0","url":"https:\/\/www.km5international.com\/ca\/","logo":{"@type":"ImageObject","inLanguage":"ca","@id":"https:\/\/www.km5international.com\/ca\/#\/schema\/logo\/image\/","url":"https:\/\/www.km5international.com\/wp-content\/uploads\/2024\/06\/cropped-v.8-km5.png","contentUrl":"https:\/\/www.km5international.com\/wp-content\/uploads\/2024\/06\/cropped-v.8-km5.png","width":377,"height":106,"caption":"Km5 Cantera El Roc\u00e0"},"image":{"@id":"https:\/\/www.km5international.com\/ca\/#\/schema\/logo\/image\/"}}]}},"_links":{"self":[{"href":"https:\/\/www.km5international.com\/ca\/wp-json\/wp\/v2\/pages\/3","targetHints":{"allow":["GET"]}}],"collection":[{"href":"https:\/\/www.km5international.com\/ca\/wp-json\/wp\/v2\/pages"}],"about":[{"href":"https:\/\/www.km5international.com\/ca\/wp-json\/wp\/v2\/types\/page"}],"author":[{"embeddable":true,"href":"https:\/\/www.km5international.com\/ca\/wp-json\/wp\/v2\/users\/1"}],"replies":[{"embeddable":true,"href":"https:\/\/www.km5international.com\/ca\/wp-json\/wp\/v2\/comments?post=3"}],"version-history":[{"count":5,"href":"https:\/\/www.km5international.com\/ca\/wp-json\/wp\/v2\/pages\/3\/revisions"}],"predecessor-version":[{"id":484,"href":"https:\/\/www.km5international.com\/ca\/wp-json\/wp\/v2\/pages\/3\/revisions\/484"}],"wp:attachment":[{"href":"https:\/\/www.km5international.com\/ca\/wp-json\/wp\/v2\/media?parent=3"}],"curies":[{"name":"wp","href":"https:\/\/api.w.org\/{rel}","templated":true}]}}