{"id":427,"date":"2024-06-06T15:55:08","date_gmt":"2024-06-06T13:55:08","guid":{"rendered":"https:\/\/km5.creatic.cat\/?page_id=427"},"modified":"2026-03-03T08:30:03","modified_gmt":"2026-03-03T07:30:03","slug":"proyectos","status":"publish","type":"page","link":"https:\/\/www.km5international.com\/ca\/proyectos\/","title":{"rendered":"Projectes"},"content":{"rendered":"<div data-elementor-type=\"wp-page\" data-elementor-id=\"427\" class=\"elementor elementor-427\">\n\t\t\t\t\t\t<section class=\"elementor-section elementor-top-section elementor-element elementor-element-a5c28fa elementor-section-content-middle elementor-section-boxed elementor-section-height-default elementor-section-height-default\" data-id=\"a5c28fa\" data-element_type=\"section\">\n\t\t\t\t\t\t<div class=\"elementor-container elementor-column-gap-no\">\n\t\t\t\t\t<div class=\"aux-parallax-section elementor-column elementor-col-33 elementor-top-column elementor-element elementor-element-308604a\" data-id=\"308604a\" data-element_type=\"column\">\n\t\t\t<div class=\"elementor-widget-wrap elementor-element-populated\">\n\t\t\t\t\t\t<div class=\"elementor-element elementor-element-9e5c413 aux-appear-watch-animation aux-fade-in-up elementor-widget elementor-widget-aux_modern_heading\" data-id=\"9e5c413\" data-element_type=\"widget\" data-widget_type=\"aux_modern_heading.default\">\n\t\t\t\t<div class=\"elementor-widget-container\">\n\t\t\t\t\t<section class=\"aux-widget-modern-heading\">\n            <div class=\"aux-widget-inner\"><p class=\"aux-modern-heading-primary\">Grans projectes<\/p><h2 class=\"aux-modern-heading-secondary\"><span class=\"aux-head-before\">Participem en grans obres de construcci\u00f3<\/span><\/h2><div class=\"aux-modern-heading-description\"><p>Les obres m\u00e9s importants en les quals en els \u00faltims anys ha participat <strong>KM5 CANTERA EL ROC\u00c0<\/strong>, al marge del subministrament regular a les plantes d'asfalt, de formig\u00f3 i de prefabricats, s\u00f3n:<\/p><ul><li><strong>Suministro de N\u00facleo gran\u00edtico y escollera <\/strong>para la obra Estabilizaci\u00f3n playas Premi\u00e0 de Mar<\/li><li><strong>Suministro de Zahorra Artificial y Arena 0-4 <\/strong>para la obra de Ampliaci\u00f3n muelle adosado Fase 2<\/li><li><strong>Suministro de Escollera <\/strong>para la mejora del dique en el Puerto del F\u00f3rum<\/li><li><strong>Suministro de Saul\u00f3 cribado<\/strong> para el Entorno de Les Hortes de San Bertrans, en el distrito de Sants-Montj\u00efc<\/li><li><strong>Suministro de Zahorra Artificial y \u00c1rido 20-40 <\/strong>para la Cobertura de la Gran Via de les Corts Catalanes (entre la C\/. Badajoz y la C\/. Bilbao)<\/li><li><strong>Subministrament d'escullera i pedra Reble<\/strong> per a l'obra: Ampliaci\u00f3 de la EDAR de Sant Lloren\u00e7 d'Hortons.<\/li><li><strong>Subministrament de llast artificial i s\u00f2l seleccionat<\/strong> per a: l'ampliaci\u00f3 del tercer carril de la carretera C-17 tram Granollers-Lli\u00e7\u00e0 d'Amunt.<\/li><li><strong>Subministrament de llast artificial, \u00e0rid 18-25 i saul\u00f3 cribrat per a:<\/strong> re urbanitzaci\u00f3 de la pla\u00e7a del Can\u00f2drom a Barcelona.<\/li><li><p><strong>Subministrament de s\u00f2l seleccionat, \u00e0rid 20-40, llast artificial i saul\u00f3 cribrat per a:<\/strong> para la construcci\u00f3n nueva tuber\u00eda en ETAP de St. Joan Desp\u00ed.<\/p><\/li><\/ul><\/div><\/div>\n        <\/section>\t\t\t\t<\/div>\n\t\t\t\t<\/div>\n\t\t\t\t\t<\/div>\n\t\t<\/div>\n\t\t\t\t<div class=\"aux-parallax-section elementor-column elementor-col-66 elementor-top-column elementor-element elementor-element-c5f092a\" data-id=\"c5f092a\" data-element_type=\"column\">\n\t\t\t<div class=\"elementor-widget-wrap elementor-element-populated\">\n\t\t\t\t\t\t<div class=\"elementor-element elementor-element-dfa3b46 aux-appear-watch-animation aux-fade-in-left elementor-widget elementor-widget-aux_image\" data-id=\"dfa3b46\" data-element_type=\"widget\" data-widget_type=\"aux_image.default\">\n\t\t\t\t<div class=\"elementor-widget-container\">\n\t\t\t\t\t<section class=\"widget-container aux-widget-image aux-alignnone aux-parent-au46f25b15\">\n    <div class=\"aux-media-hint-frame\">\n        <div class=\"aux-media-image\" >\n        \n            \n\n            \n            <img fetchpriority=\"high\" decoding=\"async\" width=\"862\" height=\"989\" src=\"data:image\/gif;base64,R0lGODlhAQABAIAAAAAAAP\/\/\/yH5BAEAAAAALAAAAAABAAEAAAIBRAA7\" class=\"aux-attachment aux-featured-image aux-attachment-id-569 aux-preload aux-blank\" alt=\"proyectos\" data-ratio=\"0.87\" data-original-w=\"862\" data-src=\"https:\/\/www.km5international.com\/wp-content\/uploads\/2024\/10\/proyectos.jpg\" \/>            \n                <\/div>\n    <\/div>\n\n<\/section><!-- widget-container -->\t\t\t\t<\/div>\n\t\t\t\t<\/div>\n\t\t\t\t\t<\/div>\n\t\t<\/div>\n\t\t\t\t\t<\/div>\n\t\t<\/section>\n\t\t\t\t<section class=\"elementor-section elementor-top-section elementor-element elementor-element-eb168e1 elementor-section-boxed elementor-section-height-default elementor-section-height-default\" data-id=\"eb168e1\" data-element_type=\"section\">\n\t\t\t\t\t\t<div class=\"elementor-container elementor-column-gap-default\">\n\t\t\t\t\t<div class=\"aux-parallax-section elementor-column elementor-col-100 elementor-top-column elementor-element elementor-element-8480a4d\" data-id=\"8480a4d\" data-element_type=\"column\">\n\t\t\t<div class=\"elementor-widget-wrap elementor-element-populated\">\n\t\t\t\t\t\t<div class=\"elementor-element elementor-element-f26dad3 elementor-widget elementor-widget-heading\" data-id=\"f26dad3\" data-element_type=\"widget\" data-widget_type=\"heading.default\">\n\t\t\t\t<div class=\"elementor-widget-container\">\n\t\t\t\t\t<h2 class=\"elementor-heading-title elementor-size-default\">\u00daltimes obres realitzades<\/h2>\t\t\t\t<\/div>\n\t\t\t\t<\/div>\n\t\t\t\t\t<\/div>\n\t\t<\/div>\n\t\t\t\t\t<\/div>\n\t\t<\/section>\n\t\t\t\t<section class=\"elementor-section elementor-top-section elementor-element elementor-element-cb4b941 elementor-section-boxed elementor-section-height-default elementor-section-height-default\" data-id=\"cb4b941\" data-element_type=\"section\">\n\t\t\t\t\t\t<div class=\"elementor-container elementor-column-gap-default\">\n\t\t\t\t\t<div class=\"aux-parallax-section elementor-column elementor-col-33 elementor-top-column elementor-element elementor-element-8cf9d56\" data-id=\"8cf9d56\" data-element_type=\"column\">\n\t\t\t<div class=\"elementor-widget-wrap elementor-element-populated\">\n\t\t\t\t\t\t<div class=\"elementor-element elementor-element-d0e763b elementor-widget elementor-widget-aux_text\" data-id=\"d0e763b\" data-element_type=\"widget\" data-widget_type=\"aux_text.default\">\n\t\t\t\t<div class=\"elementor-widget-container\">\n\t\t\t\t\t<section class=\"widget-container aux-widget-text aux-parent-au687e399a\">        <div class=\"aux-widget-advanced-text aux-wrap-style-simple aux-ico-pos-top aux-text-center aux-text-resp- aux-text-color-dark aux-text-widget-bg-center\" >\n        \n            \n            <div class=\"aux-text-inner aux-text-widget-content\">\n                                <h4 class=\"col-title\">NUEVA SEDE DE REHABILITACI\u00d3N Y ANDAMIOS DE HOMS RENTALS EN ARGENTONA (Ejecuci\u00f3n 2024-2025)<\/h4>\n                                <div class=\"widget-content\">\n                                        <p>Material aportado por parte de KM5 para subbase del terreno:<\/p><p>Zahorra artificial \u2013 10.000 t<\/p>                <\/div>\n                            <\/div>\n        <\/div>\n                    <div class=\"aux-text-widget-footer\">\n                <div class=\"aux-border-shape-none\">\n                                <\/div>\n            <\/div>\n        \n<\/section><!-- widget-container -->\t\t\t\t<\/div>\n\t\t\t\t<\/div>\n\t\t\t\t\t<\/div>\n\t\t<\/div>\n\t\t\t\t<div class=\"aux-parallax-section elementor-column elementor-col-33 elementor-top-column elementor-element elementor-element-32ab55b\" data-id=\"32ab55b\" data-element_type=\"column\">\n\t\t\t<div class=\"elementor-widget-wrap elementor-element-populated\">\n\t\t\t\t\t\t<div class=\"elementor-element elementor-element-a6f3485 elementor-widget elementor-widget-aux_text\" data-id=\"a6f3485\" data-element_type=\"widget\" data-widget_type=\"aux_text.default\">\n\t\t\t\t<div class=\"elementor-widget-container\">\n\t\t\t\t\t<section class=\"widget-container aux-widget-text aux-parent-auaac20ecf\">        <div class=\"aux-widget-advanced-text aux-wrap-style-simple aux-ico-pos-top aux-text-center aux-text-resp- aux-text-color-dark aux-text-widget-bg-center\" >\n        \n            \n            <div class=\"aux-text-inner aux-text-widget-content\">\n                                <h4 class=\"col-title\">RESELLADO Y ACTUACIONES COMPLEMENTARIAS DEL DEP\u00d3SITO DE RESIDUOS DE CAN PLANAS (Ejecuci\u00f3n 2025-2026)<\/h4>\n                                <div class=\"widget-content\">\n                                        <p>Material aportado por parte de KM5 para el resellado:<\/p><p>\u00c1rido 20\/40 y \u00c1rido 18\/25 \u2013 30.000 t<\/p>                <\/div>\n                            <\/div>\n        <\/div>\n                    <div class=\"aux-text-widget-footer\">\n                <div class=\"aux-border-shape-none\">\n                                <\/div>\n            <\/div>\n        \n<\/section><!-- widget-container -->\t\t\t\t<\/div>\n\t\t\t\t<\/div>\n\t\t\t\t\t<\/div>\n\t\t<\/div>\n\t\t\t\t<div class=\"aux-parallax-section elementor-column elementor-col-33 elementor-top-column elementor-element elementor-element-ccb0939\" data-id=\"ccb0939\" data-element_type=\"column\">\n\t\t\t<div class=\"elementor-widget-wrap elementor-element-populated\">\n\t\t\t\t\t\t<div class=\"elementor-element elementor-element-1cb61ed elementor-widget elementor-widget-aux_text\" data-id=\"1cb61ed\" data-element_type=\"widget\" data-widget_type=\"aux_text.default\">\n\t\t\t\t<div class=\"elementor-widget-container\">\n\t\t\t\t\t<section class=\"widget-container aux-widget-text aux-parent-auabfe0448\">        <div class=\"aux-widget-advanced-text aux-wrap-style-simple aux-ico-pos-top aux-text-center aux-text-resp- aux-text-color-dark aux-text-widget-bg-center\" >\n        \n            \n            <div class=\"aux-text-inner aux-text-widget-content\">\n                                <h4 class=\"col-title\">PROYECTO DE MUELLE CATALUNYA MOTA DE RECINTOS FASE 1 (Ejecuci\u00f3n 2025-2027)<\/h4>\n                                <div class=\"widget-content\">\n                                        <p>Material aportado por parte de KM5 para formaci\u00f3n de plataforma:<\/p><p>N\u00facleo de cantera seleccionado \u2013 400.000 t<\/p>                <\/div>\n                            <\/div>\n        <\/div>\n                    <div class=\"aux-text-widget-footer\">\n                <div class=\"aux-border-shape-none\">\n                                <\/div>\n            <\/div>\n        \n<\/section><!-- widget-container -->\t\t\t\t<\/div>\n\t\t\t\t<\/div>\n\t\t\t\t\t<\/div>\n\t\t<\/div>\n\t\t\t\t\t<\/div>\n\t\t<\/section>\n\t\t\t\t<\/div>","protected":false},"excerpt":{"rendered":"<p>Grandes proyectos Participamos en grandes obras de construcci\u00f3n Las obras m\u00e1s importantes en las que en los \u00faltimos a\u00f1os ha participado KM5 CANTERA EL ROC\u00c0, al margen del suministro regular a las plantas de asfalto, de hormig\u00f3n y de prefabricados, son: Suministro de N\u00facleo gran\u00edtico y escollera para la obra Estabilizaci\u00f3n playas Premi\u00e0 de Mar [&hellip;]<\/p>","protected":false},"author":1,"featured_media":0,"parent":0,"menu_order":0,"comment_status":"closed","ping_status":"closed","template":"templates\/page-builder-content.php","meta":{"footnotes":""},"class_list":["post-427","page","type-page","status-publish","hentry"],"yoast_head":"<!-- This site is optimized with the Yoast SEO plugin v25.3.1 - https:\/\/yoast.com\/wordpress\/plugins\/seo\/ -->\n<title>Proyectos - Km5 Cantera El Roc\u00e0<\/title>\n<meta name=\"robots\" content=\"index, follow, max-snippet:-1, max-image-preview:large, max-video-preview:-1\" \/>\n<link rel=\"canonical\" href=\"https:\/\/www.km5international.com\/ca\/proyectos\/\" \/>\n<meta property=\"og:locale\" content=\"ca_ES\" \/>\n<meta property=\"og:type\" content=\"article\" \/>\n<meta property=\"og:title\" content=\"Proyectos - Km5 Cantera El Roc\u00e0\" \/>\n<meta property=\"og:description\" content=\"Grandes proyectos Participamos en grandes obras de construcci\u00f3n Las obras m\u00e1s importantes en las que en los \u00faltimos a\u00f1os ha participado KM5 CANTERA EL ROC\u00c0, al margen del suministro regular a las plantas de asfalto, de hormig\u00f3n y de prefabricados, son: Suministro de N\u00facleo gran\u00edtico y escollera para la obra Estabilizaci\u00f3n playas Premi\u00e0 de Mar [&hellip;]\" \/>\n<meta property=\"og:url\" content=\"https:\/\/www.km5international.com\/ca\/proyectos\/\" \/>\n<meta property=\"og:site_name\" content=\"Km5 Cantera El Roc\u00e0\" \/>\n<meta property=\"article:modified_time\" content=\"2026-03-03T07:30:03+00:00\" \/>\n<meta name=\"twitter:card\" content=\"summary_large_image\" \/>\n<meta name=\"twitter:label1\" content=\"Temps estimat de lectura\" \/>\n\t<meta name=\"twitter:data1\" content=\"2 minuts\" \/>\n<script type=\"application\/ld+json\" class=\"yoast-schema-graph\">{\"@context\":\"https:\/\/schema.org\",\"@graph\":[{\"@type\":\"WebPage\",\"@id\":\"https:\/\/www.km5international.com\/proyectos\/\",\"url\":\"https:\/\/www.km5international.com\/proyectos\/\",\"name\":\"Proyectos - Km5 Cantera El Roc\u00e0\",\"isPartOf\":{\"@id\":\"https:\/\/www.km5international.com\/ca\/#website\"},\"datePublished\":\"2024-06-06T13:55:08+00:00\",\"dateModified\":\"2026-03-03T07:30:03+00:00\",\"breadcrumb\":{\"@id\":\"https:\/\/www.km5international.com\/proyectos\/#breadcrumb\"},\"inLanguage\":\"ca\",\"potentialAction\":[{\"@type\":\"ReadAction\",\"target\":[\"https:\/\/www.km5international.com\/proyectos\/\"]}]},{\"@type\":\"BreadcrumbList\",\"@id\":\"https:\/\/www.km5international.com\/proyectos\/#breadcrumb\",\"itemListElement\":[{\"@type\":\"ListItem\",\"position\":1,\"name\":\"Portada\",\"item\":\"https:\/\/www.km5international.com\/\"},{\"@type\":\"ListItem\",\"position\":2,\"name\":\"Proyectos\"}]},{\"@type\":\"WebSite\",\"@id\":\"https:\/\/www.km5international.com\/ca\/#website\",\"url\":\"https:\/\/www.km5international.com\/ca\/\",\"name\":\"Km5 Cantera El Roc\u00e0\",\"description\":\"Cantera el Roc\u00e0\",\"publisher\":{\"@id\":\"https:\/\/www.km5international.com\/ca\/#organization\"},\"potentialAction\":[{\"@type\":\"SearchAction\",\"target\":{\"@type\":\"EntryPoint\",\"urlTemplate\":\"https:\/\/www.km5international.com\/ca\/?s={search_term_string}\"},\"query-input\":{\"@type\":\"PropertyValueSpecification\",\"valueRequired\":true,\"valueName\":\"search_term_string\"}}],\"inLanguage\":\"ca\"},{\"@type\":\"Organization\",\"@id\":\"https:\/\/www.km5international.com\/ca\/#organization\",\"name\":\"Km5 Cantera El Roc\u00e0\",\"url\":\"https:\/\/www.km5international.com\/ca\/\",\"logo\":{\"@type\":\"ImageObject\",\"inLanguage\":\"ca\",\"@id\":\"https:\/\/www.km5international.com\/ca\/#\/schema\/logo\/image\/\",\"url\":\"https:\/\/www.km5international.com\/wp-content\/uploads\/2024\/06\/cropped-v.8-km5.png\",\"contentUrl\":\"https:\/\/www.km5international.com\/wp-content\/uploads\/2024\/06\/cropped-v.8-km5.png\",\"width\":377,\"height\":106,\"caption\":\"Km5 Cantera El Roc\u00e0\"},\"image\":{\"@id\":\"https:\/\/www.km5international.com\/ca\/#\/schema\/logo\/image\/\"}}]}<\/script>\n<!-- \/ Yoast SEO plugin. -->","yoast_head_json":{"title":"Proyectos - Km5 Cantera El Roc\u00e0","robots":{"index":"index","follow":"follow","max-snippet":"max-snippet:-1","max-image-preview":"max-image-preview:large","max-video-preview":"max-video-preview:-1"},"canonical":"https:\/\/www.km5international.com\/ca\/proyectos\/","og_locale":"ca_ES","og_type":"article","og_title":"Proyectos - Km5 Cantera El Roc\u00e0","og_description":"Grandes proyectos Participamos en grandes obras de construcci\u00f3n Las obras m\u00e1s importantes en las que en los \u00faltimos a\u00f1os ha participado KM5 CANTERA EL ROC\u00c0, al margen del suministro regular a las plantas de asfalto, de hormig\u00f3n y de prefabricados, son: Suministro de N\u00facleo gran\u00edtico y escollera para la obra Estabilizaci\u00f3n playas Premi\u00e0 de Mar [&hellip;]","og_url":"https:\/\/www.km5international.com\/ca\/proyectos\/","og_site_name":"Km5 Cantera El Roc\u00e0","article_modified_time":"2026-03-03T07:30:03+00:00","twitter_card":"summary_large_image","twitter_misc":{"Temps estimat de lectura":"2 minuts"},"schema":{"@context":"https:\/\/schema.org","@graph":[{"@type":"WebPage","@id":"https:\/\/www.km5international.com\/proyectos\/","url":"https:\/\/www.km5international.com\/proyectos\/","name":"Proyectos - Km5 Cantera El Roc\u00e0","isPartOf":{"@id":"https:\/\/www.km5international.com\/ca\/#website"},"datePublished":"2024-06-06T13:55:08+00:00","dateModified":"2026-03-03T07:30:03+00:00","breadcrumb":{"@id":"https:\/\/www.km5international.com\/proyectos\/#breadcrumb"},"inLanguage":"ca","potentialAction":[{"@type":"ReadAction","target":["https:\/\/www.km5international.com\/proyectos\/"]}]},{"@type":"BreadcrumbList","@id":"https:\/\/www.km5international.com\/proyectos\/#breadcrumb","itemListElement":[{"@type":"ListItem","position":1,"name":"Portada","item":"https:\/\/www.km5international.com\/"},{"@type":"ListItem","position":2,"name":"Proyectos"}]},{"@type":"WebSite","@id":"https:\/\/www.km5international.com\/ca\/#website","url":"https:\/\/www.km5international.com\/ca\/","name":"Km5 Cantera El Roc\u00e0","description":"Cantera el Roc\u00e0","publisher":{"@id":"https:\/\/www.km5international.com\/ca\/#organization"},"potentialAction":[{"@type":"SearchAction","target":{"@type":"EntryPoint","urlTemplate":"https:\/\/www.km5international.com\/ca\/?s={search_term_string}"},"query-input":{"@type":"PropertyValueSpecification","valueRequired":true,"valueName":"search_term_string"}}],"inLanguage":"ca"},{"@type":"Organization","@id":"https:\/\/www.km5international.com\/ca\/#organization","name":"Km5 Cantera El Roc\u00e0","url":"https:\/\/www.km5international.com\/ca\/","logo":{"@type":"ImageObject","inLanguage":"ca","@id":"https:\/\/www.km5international.com\/ca\/#\/schema\/logo\/image\/","url":"https:\/\/www.km5international.com\/wp-content\/uploads\/2024\/06\/cropped-v.8-km5.png","contentUrl":"https:\/\/www.km5international.com\/wp-content\/uploads\/2024\/06\/cropped-v.8-km5.png","width":377,"height":106,"caption":"Km5 Cantera El Roc\u00e0"},"image":{"@id":"https:\/\/www.km5international.com\/ca\/#\/schema\/logo\/image\/"}}]}},"_links":{"self":[{"href":"https:\/\/www.km5international.com\/ca\/wp-json\/wp\/v2\/pages\/427","targetHints":{"allow":["GET"]}}],"collection":[{"href":"https:\/\/www.km5international.com\/ca\/wp-json\/wp\/v2\/pages"}],"about":[{"href":"https:\/\/www.km5international.com\/ca\/wp-json\/wp\/v2\/types\/page"}],"author":[{"embeddable":true,"href":"https:\/\/www.km5international.com\/ca\/wp-json\/wp\/v2\/users\/1"}],"replies":[{"embeddable":true,"href":"https:\/\/www.km5international.com\/ca\/wp-json\/wp\/v2\/comments?post=427"}],"version-history":[{"count":25,"href":"https:\/\/www.km5international.com\/ca\/wp-json\/wp\/v2\/pages\/427\/revisions"}],"predecessor-version":[{"id":729,"href":"https:\/\/www.km5international.com\/ca\/wp-json\/wp\/v2\/pages\/427\/revisions\/729"}],"wp:attachment":[{"href":"https:\/\/www.km5international.com\/ca\/wp-json\/wp\/v2\/media?parent=427"}],"curies":[{"name":"wp","href":"https:\/\/api.w.org\/{rel}","templated":true}]}}