{"id":485,"date":"2024-06-06T20:59:30","date_gmt":"2024-06-06T18:59:30","guid":{"rendered":"https:\/\/km5.creatic.cat\/?page_id=485"},"modified":"2024-12-19T13:19:42","modified_gmt":"2024-12-19T12:19:42","slug":"aviso-legal","status":"publish","type":"page","link":"https:\/\/www.km5international.com\/ca\/aviso-legal\/","title":{"rendered":"Av\u00eds legal"},"content":{"rendered":"<div data-elementor-type=\"wp-page\" data-elementor-id=\"485\" class=\"elementor elementor-485\">\n\t\t\t\t\t\t<section class=\"elementor-section elementor-top-section elementor-element elementor-element-7ddb87a8 elementor-section-boxed elementor-section-height-default elementor-section-height-default\" data-id=\"7ddb87a8\" data-element_type=\"section\">\n\t\t\t\t\t\t<div class=\"elementor-container elementor-column-gap-default\">\n\t\t\t\t\t<div class=\"aux-parallax-section elementor-column elementor-col-100 elementor-top-column elementor-element elementor-element-1885469d\" data-id=\"1885469d\" data-element_type=\"column\">\n\t\t\t<div class=\"elementor-widget-wrap elementor-element-populated\">\n\t\t\t\t\t\t<div class=\"elementor-element elementor-element-66833975 elementor-widget elementor-widget-text-editor\" data-id=\"66833975\" data-element_type=\"widget\" data-widget_type=\"text-editor.default\">\n\t\t\t\t<div class=\"elementor-widget-container\">\n\t\t\t\t\t\t\t\t\t<h3><strong>Av\u00eds legal<br \/><\/strong><\/h3><ol><li><strong>Datos de identificaci\u00f3n<\/strong><\/li><\/ol><p>Usted est\u00e1 visitando la p\u00e1gina Web www.km5international.com titularidad de KM5 INTERNATIONAL, S.L.U. (en adelante LA COMPA\u00d1\u00cdA).<\/p><ul><li>d\u2019Europa 2-4,<\/li><li>Torre Copisa 08902<\/li><li>L\u2019Hospitalet de Llobregat (Barcelona).<\/li><li>Tel\u00e9fono: 934930100<\/li><li>B-60685088<\/li><\/ul><p>Datos mercantiles: inscrita en el Registro Mercantil de Barcelona, Tomo 27.595, Folio 14, Hoja\u00a0 B-121916<\/p><p>\u00a0<\/p><ol start=\"2\"><li><strong>Aceptaci\u00f3n del Usuario<\/strong><\/li><\/ol><p>Este Aviso Legal regula el acceso y utilizaci\u00f3n de la p\u00e1gina web www.km5international.com (en adelante la \u201cWeb\u201d) que LA COMPA\u00d1\u00cdA pone a disposici\u00f3n de los usuarios de Internet. Se entiende por usuario la persona que acceda, navegue, utilice o participe en los servicios y actividades de la Web. El acceso y navegaci\u00f3n de un usuario por la Web implica la aceptaci\u00f3n sin reservas del Aviso Legal que la Compa\u00f1\u00eda tenga publicado en el momento del acceso, el cual estar\u00e1 siempre disponible para los usuarios. Los contenidos, actividades y servicios incluidos en la Web no est\u00e1n concebidos ni dirigidos a aquellas personas que residan en jurisdicciones donde aqu\u00e9llos no se encuentren debidamente autorizados.<\/p><ol start=\"3\"><li><strong>Utilizaci\u00f3n de la Web<\/strong><\/li><\/ol><p>3.1. El usuario se compromete a utilizar la Web, los contenidos y servicios de conformidad con la Ley, el presente Aviso Legal, las buenas costumbres y el orden p\u00fablico. Del mismo modo el Usuario se obliga a no utilizar la Web o los servicios que se presten a trav\u00e9s de \u00e9l con fines o efectos il\u00edcitos o contrarios al contenido del presente Aviso Legal, lesivos de los intereses o derechos de terceros, o que de cualquier forma pueda da\u00f1ar, inutilizar o deteriorar la Web o sus servicios o impedir un normal disfrute de la Web por otros Usuarios.<\/p><p>3.2. El usuario se compromete expresamente a no destruir, alterar, inutilizar o, de cualquier otra forma, da\u00f1ar los datos, programas o documentos electr\u00f3nicos y dem\u00e1s que se encuentren en la Web.<\/p><p>3.3. El usuario se compromete a no obstaculizar el acceso a otros usuarios al servicio de acceso mediante el consumo masivo de los recursos inform\u00e1ticos a trav\u00e9s de los cuales LA COMPA\u00d1\u00cdA presta el servicio, as\u00ed como realizar acciones que da\u00f1en, interrumpan o generen errores en dichos sistemas o servicios.<\/p><p>3.4. El usuario se compromete a no introducir programas, virus, macros, applets, controles ActiveX o cualquier otro dispositivo l\u00f3gico o secuencia de caracteres que causen o sean susceptibles de causar cualquier tipo de alteraci\u00f3n en los sistemas inform\u00e1ticos de LA COMPA\u00d1\u00cdA o de terceros.<\/p><p>3.5. El usuario se compromete a no obtener informaciones, mensajes, gr\u00e1ficos, dibujos, archivos de sonido y\/o imagen, fotograf\u00edas, grabaciones, software y en general, cualquier clase de material accesible a trav\u00e9s de la Web o de los servicios ofrecidos en el mismo.<\/p><ol start=\"4\"><li><strong>Acceso a la Web y Contrase\u00f1as<\/strong><\/li><\/ol><p>4.1. El acceso a la Web por parte de los usuarios tiene car\u00e1cter libre y gratuito.<\/p><p>4.2. Para darse de alta como \u201cusuario candidato\u201d Usted deber\u00e1 registrarse a trav\u00e9s de la herramienta \u201cempleo\u201d, debiendo proporcionar los datos personales que se le soliciten, as\u00ed como creando una cuenta y una contrase\u00f1a. En este sentido, Usted ser\u00e1 responsable de aportar informaci\u00f3n veraz y l\u00edcita, as\u00ed mismo, se compromete a hacer un uso diligente y a mantener en secreto la contrase\u00f1a para acceder a estos servicios. Igualmente, Usted, ser\u00e1 responsable de la adecuada custodia y confidencialidad de cualesquiera identificadores y\/o contrase\u00f1as y se compromete a no ceder su uso a terceros, ya sea temporal o permanentemente, ni a permitir su acceso a personas ajenas. Ser\u00e1 su responsabilidad la utilizaci\u00f3n de los servicios por cualquier tercero ileg\u00edtimo que emplee a tal efecto una contrase\u00f1a a causa de una utilizaci\u00f3n no diligente o de la p\u00e9rdida de la misma por el usuario.<\/p><p>4.3. Para el acceso a la \u201cIntranet\u201d ser\u00e1 necesario que el empleado de la Compa\u00f1\u00eda utilice la contrase\u00f1a asignada por \u00e9sta a tales efectos. En este sentido, el empleado se compromete a hacer un uso diligente y a mantener en secreto dicha contrase\u00f1a. As\u00ed mismo, el empleado es responsable de la adecuada custodia y confidencialidad de cualesquiera identificadores y\/o contrase\u00f1as que le sean suministradas por la Compa\u00f1\u00eda, y se compromete a no ceder su uso a terceros, ya sea temporal o permanentemente, ni a permitir su acceso a personas ajenas. Ser\u00e1 responsabilidad del empleado la utilizaci\u00f3n de la intranet por cualquier tercero ileg\u00edtimo que emplee a tal efecto una contrase\u00f1a a causa de una utilizaci\u00f3n no diligente o de la p\u00e9rdida de la misma por el trabajador.<\/p><p>4.4. Tanto el usuario como el trabajador, en cada caso, estar\u00e1n obligados a notificar de forma inmediata a LA COMPA\u00d1\u00cdA cualquier hecho que permita el uso indebido de los identificadores y\/o contrase\u00f1as, tales como el robo, extrav\u00edo, o el acceso no autorizado a los mismos, con el fin de proceder a su inmediata cancelaci\u00f3n. Mientras no se comuniquen tales hechos, LA COMPA\u00d1\u00cdA quedar\u00e1 eximida de cualquier responsabilidad que pudiera derivarse del uso indebido de los identificadores y\/o contrase\u00f1as por terceros no autorizados.<\/p><ol start=\"5\"><li><strong>Modificaci\u00f3n de las condiciones del Aviso Legal<\/strong><\/li><\/ol><p>LA COMPA\u00d1\u00cdA se reserva expresamente el derecho a modificar el presente Aviso Legal.<\/p><ol start=\"6\"><li><strong>Limitaci\u00f3n de garant\u00edas y responsabilidades<\/strong><\/li><\/ol><p>LA COMPA\u00d1\u00cdA se compromete a realizar sus mejores esfuerzos para evitar cualquier error en los contenidos que pudieran aparecer en la Web. En cualquier caso, LA COMPA\u00d1\u00cdA estar\u00e1 exenta de cualquier responsabilidad derivada de eventuales errores en los contenidos que pudieran aparecer en la Web, siempre que no le sean imputables, de acuerdo con las leyes en vigor.<\/p><ol start=\"7\"><li><strong>Propiedad Intelectual e Industrial<\/strong><\/li><\/ol><p>7.1. Todos los derechos de Propiedad Industrial e Intelectual de la Web www.km5international.com y de sus contenidos (textos, im\u00e1genes, sonidos, audio, v\u00eddeo, dise\u00f1os, creatividades, software) pertenecen,\u00a0 como autor de obra colectiva o como cesionaria, a LA COMPA\u00d1\u00cdA o, en su caso, a terceras personas.<\/p><p>7.2. Quedan expresamente prohibidas la reproducci\u00f3n, la distribuci\u00f3n y la comunicaci\u00f3n p\u00fablica, incluida su modalidad de puesta a disposici\u00f3n, de la totalidad o parte de los contenidos de esta p\u00e1gina Web, con fines comerciales, en cualquier soporte y por cualquier medio t\u00e9cnico, sin la autorizaci\u00f3n de LA COMPA\u00d1\u00cdA. El usuario se compromete a respetar los derechos de Propiedad Industrial e Intelectual titularidad de LA COMPA\u00d1\u00cdA y de terceros.<\/p><p>7.3. El usuario puede visualizar todos los elementos, imprimirlos, copiarlos y almacenarlos en el disco duro de su ordenador o en cualquier otro soporte f\u00edsico siempre y cuando sea, \u00fanica y exclusivamente, para su uso personal y privado, quedando, por tanto, terminantemente prohibida su utilizaci\u00f3n con fines comerciales, su distribuci\u00f3n, as\u00ed como su modificaci\u00f3n, alteraci\u00f3n o descompilaci\u00f3n.<\/p><ol start=\"8\"><li><strong>Enlaces de terceros<\/strong><\/li><\/ol><p>8.1. En el supuesto de que en la Web se dispusieran enlaces o hiperv\u00ednculos hacia otros lugares de Internet, LA COMPA\u00d1\u00cdA no ejercer\u00e1 ning\u00fan tipo de control sobre estos lugares y contenidos. En ning\u00fan caso LA COMPA\u00d1\u00cdA asumir\u00e1 responsabilidad alguna por los contenidos de alg\u00fan enlace perteneciente a un sitio Web ajeno, ni garantizar\u00e1 la disponibilidad t\u00e9cnica, calidad, fiabilidad, exactitud, amplitud, veracidad, validez y constitucionalidad de cualquier material o informaci\u00f3n contenida en cabeza de los hiperv\u00ednculos u otros sitios de Internet.<\/p><p>8.2. Estos enlaces se proporcionan \u00fanicamente para informar al Usuario sobre la existencia de otras fuentes de informaci\u00f3n sobre un tema concreto, y la inclusi\u00f3n de un enlace no implica la aprobaci\u00f3n de la p\u00e1gina web enlazada por parte de LA COMPA\u00d1\u00cdA.<\/p><p>8.3. LA COMPA\u00d1\u00cdA tan s\u00f3lo autoriza menciones a sus contenidos en otras sedes Web, con el tratamiento que \u00e9stas consideren siempre que sea respetuoso, cumpla la legislaci\u00f3n vigente y en ning\u00fan caso reproduzcan, sin la debida autorizaci\u00f3n, los contenidos de LA COMPA\u00d1\u00cdA.<\/p><ol start=\"9\"><li><strong>Ley y jurisdicci\u00f3n<\/strong><\/li><\/ol><p>Todas las cuestiones que se susciten entre LA COMPA\u00d1\u00cdA y el usuario relativas a la interpretaci\u00f3n, cumplimiento y validez del presente Aviso Legal se regir\u00e1n por sus propias cl\u00e1usulas y, en lo que en ellas no estuviere previsto, de acuerdo con la legislaci\u00f3n espa\u00f1ola. En el supuesto de que surja cualquier conflicto o discrepancia en la interpretaci\u00f3n o aplicaci\u00f3n del presente aviso legal, los Juzgados y Tribunales que, en su caso, conocer\u00e1n del asunto ser\u00e1n los del domicilio del usuario, cuando \u00e9ste sea una persona f\u00edsica. Sin embargo, en el caso de que el usuario sea una empresa, ambas partes se someten, con renuncia expresa a cualquier otro fuero, a los Juzgados y Tribunales de Barcelona (Espa\u00f1a). LA COMPA\u00d1\u00cdA perseguir\u00e1 el incumplimiento del presente Aviso Legal as\u00ed como cualquier utilizaci\u00f3n indebida del Sitio Web ejerciendo todas las acciones civiles y penales que le puedan corresponder y asistan en derecho.<\/p><p>\u00a0<\/p><p>\u00a0<\/p>\t\t\t\t\t\t\t\t<\/div>\n\t\t\t\t<\/div>\n\t\t\t\t\t<\/div>\n\t\t<\/div>\n\t\t\t\t\t<\/div>\n\t\t<\/section>\n\t\t\t\t<\/div>","protected":false},"excerpt":{"rendered":"<p>Aviso Legal Datos de identificaci\u00f3n Usted est\u00e1 visitando la p\u00e1gina Web www.km5international.com titularidad de KM5 INTERNATIONAL, S.L.U. (en adelante LA COMPA\u00d1\u00cdA). d\u2019Europa 2-4, Torre Copisa 08902 L\u2019Hospitalet de Llobregat (Barcelona). Tel\u00e9fono: 934930100 B-60685088 Datos mercantiles: inscrita en el Registro Mercantil de Barcelona, Tomo 27.595, Folio 14, Hoja\u00a0 B-121916 \u00a0 Aceptaci\u00f3n del Usuario Este Aviso Legal [&hellip;]<\/p>","protected":false},"author":1,"featured_media":0,"parent":0,"menu_order":0,"comment_status":"closed","ping_status":"closed","template":"","meta":{"footnotes":""},"class_list":["post-485","page","type-page","status-publish","hentry"],"yoast_head":"<!-- This site is optimized with the Yoast SEO plugin v25.3.1 - https:\/\/yoast.com\/wordpress\/plugins\/seo\/ -->\n<title>Aviso legal - Km5 Cantera El Roc\u00e0<\/title>\n<meta name=\"robots\" content=\"noindex, nofollow\" \/>\n<meta property=\"og:locale\" content=\"ca_ES\" \/>\n<meta property=\"og:type\" content=\"article\" \/>\n<meta property=\"og:title\" content=\"Aviso legal - Km5 Cantera El Roc\u00e0\" \/>\n<meta property=\"og:description\" content=\"Aviso Legal Datos de identificaci\u00f3n Usted est\u00e1 visitando la p\u00e1gina Web www.km5international.com titularidad de KM5 INTERNATIONAL, S.L.U. (en adelante LA COMPA\u00d1\u00cdA). d\u2019Europa 2-4, Torre Copisa 08902 L\u2019Hospitalet de Llobregat (Barcelona). Tel\u00e9fono: 934930100 B-60685088 Datos mercantiles: inscrita en el Registro Mercantil de Barcelona, Tomo 27.595, Folio 14, Hoja\u00a0 B-121916 \u00a0 Aceptaci\u00f3n del Usuario Este Aviso Legal [&hellip;]\" \/>\n<meta property=\"og:url\" content=\"https:\/\/www.km5international.com\/ca\/aviso-legal\/\" \/>\n<meta property=\"og:site_name\" content=\"Km5 Cantera El Roc\u00e0\" \/>\n<meta property=\"article:modified_time\" content=\"2024-12-19T12:19:42+00:00\" \/>\n<meta name=\"twitter:card\" content=\"summary_large_image\" \/>\n<meta name=\"twitter:label1\" content=\"Temps estimat de lectura\" \/>\n\t<meta name=\"twitter:data1\" content=\"7 minuts\" \/>\n<script type=\"application\/ld+json\" class=\"yoast-schema-graph\">{\"@context\":\"https:\/\/schema.org\",\"@graph\":[{\"@type\":\"WebPage\",\"@id\":\"https:\/\/www.km5international.com\/aviso-legal\/\",\"url\":\"https:\/\/www.km5international.com\/aviso-legal\/\",\"name\":\"Aviso legal - Km5 Cantera El Roc\u00e0\",\"isPartOf\":{\"@id\":\"https:\/\/www.km5international.com\/ca\/#website\"},\"datePublished\":\"2024-06-06T18:59:30+00:00\",\"dateModified\":\"2024-12-19T12:19:42+00:00\",\"breadcrumb\":{\"@id\":\"https:\/\/www.km5international.com\/aviso-legal\/#breadcrumb\"},\"inLanguage\":\"ca\",\"potentialAction\":[{\"@type\":\"ReadAction\",\"target\":[\"https:\/\/www.km5international.com\/aviso-legal\/\"]}]},{\"@type\":\"BreadcrumbList\",\"@id\":\"https:\/\/www.km5international.com\/aviso-legal\/#breadcrumb\",\"itemListElement\":[{\"@type\":\"ListItem\",\"position\":1,\"name\":\"Portada\",\"item\":\"https:\/\/www.km5international.com\/\"},{\"@type\":\"ListItem\",\"position\":2,\"name\":\"Aviso legal\"}]},{\"@type\":\"WebSite\",\"@id\":\"https:\/\/www.km5international.com\/ca\/#website\",\"url\":\"https:\/\/www.km5international.com\/ca\/\",\"name\":\"Km5 Cantera El Roc\u00e0\",\"description\":\"Cantera el Roc\u00e0\",\"publisher\":{\"@id\":\"https:\/\/www.km5international.com\/ca\/#organization\"},\"potentialAction\":[{\"@type\":\"SearchAction\",\"target\":{\"@type\":\"EntryPoint\",\"urlTemplate\":\"https:\/\/www.km5international.com\/ca\/?s={search_term_string}\"},\"query-input\":{\"@type\":\"PropertyValueSpecification\",\"valueRequired\":true,\"valueName\":\"search_term_string\"}}],\"inLanguage\":\"ca\"},{\"@type\":\"Organization\",\"@id\":\"https:\/\/www.km5international.com\/ca\/#organization\",\"name\":\"Km5 Cantera El Roc\u00e0\",\"url\":\"https:\/\/www.km5international.com\/ca\/\",\"logo\":{\"@type\":\"ImageObject\",\"inLanguage\":\"ca\",\"@id\":\"https:\/\/www.km5international.com\/ca\/#\/schema\/logo\/image\/\",\"url\":\"https:\/\/www.km5international.com\/wp-content\/uploads\/2024\/06\/cropped-v.8-km5.png\",\"contentUrl\":\"https:\/\/www.km5international.com\/wp-content\/uploads\/2024\/06\/cropped-v.8-km5.png\",\"width\":377,\"height\":106,\"caption\":\"Km5 Cantera El Roc\u00e0\"},\"image\":{\"@id\":\"https:\/\/www.km5international.com\/ca\/#\/schema\/logo\/image\/\"}}]}<\/script>\n<!-- \/ Yoast SEO plugin. -->","yoast_head_json":{"title":"Aviso legal - Km5 Cantera El Roc\u00e0","robots":{"index":"noindex","follow":"nofollow"},"og_locale":"ca_ES","og_type":"article","og_title":"Aviso legal - Km5 Cantera El Roc\u00e0","og_description":"Aviso Legal Datos de identificaci\u00f3n Usted est\u00e1 visitando la p\u00e1gina Web www.km5international.com titularidad de KM5 INTERNATIONAL, S.L.U. (en adelante LA COMPA\u00d1\u00cdA). d\u2019Europa 2-4, Torre Copisa 08902 L\u2019Hospitalet de Llobregat (Barcelona). Tel\u00e9fono: 934930100 B-60685088 Datos mercantiles: inscrita en el Registro Mercantil de Barcelona, Tomo 27.595, Folio 14, Hoja\u00a0 B-121916 \u00a0 Aceptaci\u00f3n del Usuario Este Aviso Legal [&hellip;]","og_url":"https:\/\/www.km5international.com\/ca\/aviso-legal\/","og_site_name":"Km5 Cantera El Roc\u00e0","article_modified_time":"2024-12-19T12:19:42+00:00","twitter_card":"summary_large_image","twitter_misc":{"Temps estimat de lectura":"7 minuts"},"schema":{"@context":"https:\/\/schema.org","@graph":[{"@type":"WebPage","@id":"https:\/\/www.km5international.com\/aviso-legal\/","url":"https:\/\/www.km5international.com\/aviso-legal\/","name":"Aviso legal - Km5 Cantera El Roc\u00e0","isPartOf":{"@id":"https:\/\/www.km5international.com\/ca\/#website"},"datePublished":"2024-06-06T18:59:30+00:00","dateModified":"2024-12-19T12:19:42+00:00","breadcrumb":{"@id":"https:\/\/www.km5international.com\/aviso-legal\/#breadcrumb"},"inLanguage":"ca","potentialAction":[{"@type":"ReadAction","target":["https:\/\/www.km5international.com\/aviso-legal\/"]}]},{"@type":"BreadcrumbList","@id":"https:\/\/www.km5international.com\/aviso-legal\/#breadcrumb","itemListElement":[{"@type":"ListItem","position":1,"name":"Portada","item":"https:\/\/www.km5international.com\/"},{"@type":"ListItem","position":2,"name":"Aviso legal"}]},{"@type":"WebSite","@id":"https:\/\/www.km5international.com\/ca\/#website","url":"https:\/\/www.km5international.com\/ca\/","name":"Km5 Cantera El Roc\u00e0","description":"Cantera el Roc\u00e0","publisher":{"@id":"https:\/\/www.km5international.com\/ca\/#organization"},"potentialAction":[{"@type":"SearchAction","target":{"@type":"EntryPoint","urlTemplate":"https:\/\/www.km5international.com\/ca\/?s={search_term_string}"},"query-input":{"@type":"PropertyValueSpecification","valueRequired":true,"valueName":"search_term_string"}}],"inLanguage":"ca"},{"@type":"Organization","@id":"https:\/\/www.km5international.com\/ca\/#organization","name":"Km5 Cantera El Roc\u00e0","url":"https:\/\/www.km5international.com\/ca\/","logo":{"@type":"ImageObject","inLanguage":"ca","@id":"https:\/\/www.km5international.com\/ca\/#\/schema\/logo\/image\/","url":"https:\/\/www.km5international.com\/wp-content\/uploads\/2024\/06\/cropped-v.8-km5.png","contentUrl":"https:\/\/www.km5international.com\/wp-content\/uploads\/2024\/06\/cropped-v.8-km5.png","width":377,"height":106,"caption":"Km5 Cantera El Roc\u00e0"},"image":{"@id":"https:\/\/www.km5international.com\/ca\/#\/schema\/logo\/image\/"}}]}},"_links":{"self":[{"href":"https:\/\/www.km5international.com\/ca\/wp-json\/wp\/v2\/pages\/485","targetHints":{"allow":["GET"]}}],"collection":[{"href":"https:\/\/www.km5international.com\/ca\/wp-json\/wp\/v2\/pages"}],"about":[{"href":"https:\/\/www.km5international.com\/ca\/wp-json\/wp\/v2\/types\/page"}],"author":[{"embeddable":true,"href":"https:\/\/www.km5international.com\/ca\/wp-json\/wp\/v2\/users\/1"}],"replies":[{"embeddable":true,"href":"https:\/\/www.km5international.com\/ca\/wp-json\/wp\/v2\/comments?post=485"}],"version-history":[{"count":4,"href":"https:\/\/www.km5international.com\/ca\/wp-json\/wp\/v2\/pages\/485\/revisions"}],"predecessor-version":[{"id":489,"href":"https:\/\/www.km5international.com\/ca\/wp-json\/wp\/v2\/pages\/485\/revisions\/489"}],"wp:attachment":[{"href":"https:\/\/www.km5international.com\/ca\/wp-json\/wp\/v2\/media?parent=485"}],"curies":[{"name":"wp","href":"https:\/\/api.w.org\/{rel}","templated":true}]}}