{"id":650,"date":"2025-01-30T13:33:22","date_gmt":"2025-01-30T12:33:22","guid":{"rendered":"https:\/\/www.km5international.com\/?page_id=650"},"modified":"2025-01-30T13:35:21","modified_gmt":"2025-01-30T12:35:21","slug":"accesibilidad","status":"publish","type":"page","link":"https:\/\/www.km5international.com\/ca\/accesibilidad\/","title":{"rendered":"Accesibilitat"},"content":{"rendered":"<div data-elementor-type=\"wp-page\" data-elementor-id=\"650\" class=\"elementor elementor-650\">\n\t\t\t\t\t\t<section class=\"elementor-section elementor-top-section elementor-element elementor-element-7ddb87a8 elementor-section-boxed elementor-section-height-default elementor-section-height-default\" data-id=\"7ddb87a8\" data-element_type=\"section\">\n\t\t\t\t\t\t<div class=\"elementor-container elementor-column-gap-default\">\n\t\t\t\t\t<div class=\"aux-parallax-section elementor-column elementor-col-100 elementor-top-column elementor-element elementor-element-1885469d\" data-id=\"1885469d\" data-element_type=\"column\">\n\t\t\t<div class=\"elementor-widget-wrap elementor-element-populated\">\n\t\t\t\t\t\t<div class=\"elementor-element elementor-element-66833975 elementor-widget elementor-widget-text-editor\" data-id=\"66833975\" data-element_type=\"widget\" data-widget_type=\"text-editor.default\">\n\t\t\t\t<div class=\"elementor-widget-container\">\n\t\t\t\t\t\t\t\t\t<h3><strong>Declaraci\u00f3n de accesibilidad<\/strong><\/h3><p>\u00a0<\/p><p>km5international.com<br \/>15\/01\/2025<br \/>Estado de cumplimiento<\/p><p>Creemos firmemente que Internet debe estar disponible y accesible para todos, y estamos comprometidos a proporcionar un sitio web que sea accesible para la audiencia m\u00e1s amplia posible, independientemente de las circunstancias y la capacidad.<\/p><p>Para cumplir con esto, nuestro objetivo es adherirnos lo m\u00e1s estrictamente posible a las Directrices de Accesibilidad al Contenido Web 2.1 (WCAG 2.1) del World Wide Web Consortium (W3C) en el nivel AA. Estas pautas explican c\u00f3mo hacer que el contenido web sea accesible para personas con una amplia gama de discapacidades. Cumplir con esas pautas nos ayuda a garantizar que el sitio web sea accesible para todas las personas: personas ciegas, personas con discapacidad motora, discapacidad visual, discapacidad cognitiva y m\u00e1s.<\/p><p>Este sitio web utiliza varias tecnolog\u00edas destinadas a hacerlo lo m\u00e1s accesible posible en todo momento. Utilizamos una interfaz de accesibilidad que permite a las personas con discapacidades espec\u00edficas ajustar la interfaz de usuario (interfaz de usuario) del sitio web y dise\u00f1arla seg\u00fan sus necesidades personales.<\/p><p>Adem\u00e1s, el sitio web utiliza una aplicaci\u00f3n basada en IA que se ejecuta en segundo plano y optimiza constantemente su nivel de accesibilidad. Esta aplicaci\u00f3n repara el HTML del sitio web, adapta su funcionalidad y comportamiento para los lectores de pantalla utilizados por los usuarios invidentes y para las funciones del teclado utilizadas por las personas con discapacidad motora.<\/p><p>Si ha encontrado un mal funcionamiento o tiene ideas para mejorar, estaremos encantados de saber de usted. Puede comunicarse con los operadores del sitio web utilizando el siguiente correo electr\u00f3nico info@lopezmanso.com<\/p><p>Lector de pantalla y navegaci\u00f3n con teclado<\/p><p>Nuestro sitio web implementa la t\u00e9cnica de atributos ARIA (Accessible Rich Internet Applications), junto con varios cambios de comportamiento diferentes, para garantizar que los usuarios ciegos que visitan con lectores de pantalla puedan leer, comprender y disfrutar de las funciones del sitio web. Tan pronto como un usuario con un lector de pantalla ingresa a su sitio, inmediatamente recibe un aviso para ingresar al perfil de lector de pantalla para que pueda navegar y operar su sitio de manera efectiva. As\u00ed es como nuestro sitio web cubre algunos de los requisitos m\u00e1s importantes del lector de pantalla, junto con capturas de pantalla de consola de ejemplos de c\u00f3digo:<\/p><p>Optimizaci\u00f3n del lector de pantalla: ejecutamos un proceso en segundo plano que aprende los componentes del sitio web de arriba a abajo, para garantizar el cumplimiento continuo incluso cuando se actualiza el sitio web. En este proceso, proporcionamos a los lectores de pantalla datos significativos utilizando el conjunto de atributos ARIA. Por ejemplo, proporcionamos etiquetas de formulario precisas; descripciones de \u00edconos accionables (\u00edconos de redes sociales, \u00edconos de b\u00fasqueda, \u00edconos de carrito, etc.); gu\u00eda de validaci\u00f3n para entradas de formulario; roles de elementos como botones, men\u00fas, di\u00e1logos modales (ventanas emergentes) y otros. Adem\u00e1s, el proceso en segundo plano escanea todas las im\u00e1genes del sitio web y proporciona una descripci\u00f3n precisa y significativa basada en el reconocimiento de objetos de imagen como una etiqueta ALT (texto alternativo) para las im\u00e1genes que no se describen. Tambi\u00e9n extraer\u00e1 textos que est\u00e1n incrustados dentro de la imagen, utilizando una tecnolog\u00eda OCR (reconocimiento \u00f3ptico de caracteres). Para activar los ajustes del lector de pantalla en cualquier momento, los usuarios solo necesitan presionar la combinaci\u00f3n de teclado Alt+1. Los usuarios de lectores de pantalla tambi\u00e9n reciben anuncios autom\u00e1ticos para activar el modo de lector de pantalla tan pronto como ingresan al sitio web.<\/p><p>Estos ajustes son compatibles con todos los lectores de pantalla populares, incluidos JAWS y NVDA.<\/p><p>Optimizaci\u00f3n de la navegaci\u00f3n con teclado: el proceso en segundo plano tambi\u00e9n ajusta el HTML del sitio web y agrega varios comportamientos mediante el uso de c\u00f3digo JavaScript para que el sitio web funcione con el teclado. Esto incluye la capacidad de navegar por el sitio web usando las teclas Tab y Shift+Tab, operar los men\u00fas desplegables con las teclas de flecha, cerrarlos con Esc, activar botones y enlaces usando la tecla Enter, navegar entre elementos de radio y casillas de verificaci\u00f3n usando las teclas de flecha, y rell\u00e9nelos con la barra espaciadora o la tecla Intro. Adem\u00e1s, los usuarios de teclado encontrar\u00e1n men\u00fas de navegaci\u00f3n r\u00e1pida y de salto de contenido, disponibles en cualquier momento haciendo clic en Alt+1, o como los primeros elementos del sitio mientras navegan con el teclado. El proceso en segundo plano tambi\u00e9n maneja las ventanas emergentes activadas moviendo el enfoque del teclado hacia ellas tan pronto como aparecen, y no permite que el enfoque se desv\u00ede fuera de \u00e9l.<\/p><p>Los usuarios tambi\u00e9n pueden usar accesos directos como \u201cM\u201d (men\u00fas), \u201cH\u201d (encabezados), \u201cF\u201d (formularios), \u201cB\u201d (botones) y \u201cG\u201d (gr\u00e1ficos) para saltar a elementos espec\u00edficos.<\/p><p>Perfiles de discapacidad admitidos en nuestro sitio web<br \/>Modo seguro para epilepsia: este perfil permite a las personas con epilepsia utilizar el sitio web de forma segura al eliminar el riesgo de convulsiones que resultan de las animaciones parpadeantes o parpadeantes y las combinaciones de colores arriesgadas.<br \/>Modo para personas con discapacidad visual: este modo ajusta el sitio web para la comodidad de los usuarios con discapacidades visuales, como visi\u00f3n degradada, visi\u00f3n de t\u00fanel, cataratas, glaucoma y otras.<br \/>Modo de discapacidad cognitiva: este modo proporciona diferentes opciones de asistencia para ayudar a los usuarios con deficiencias cognitivas como dislexia, autismo, CVA y otros, a concentrarse en los elementos esenciales del sitio web con mayor facilidad.<br \/>TDAH libre<\/p><p>\u00a0<\/p><p>\u00a0<\/p>\t\t\t\t\t\t\t\t<\/div>\n\t\t\t\t<\/div>\n\t\t\t\t\t<\/div>\n\t\t<\/div>\n\t\t\t\t\t<\/div>\n\t\t<\/section>\n\t\t\t\t<\/div>","protected":false},"excerpt":{"rendered":"<p>Declaraci\u00f3n de accesibilidad \u00a0 km5international.com15\/01\/2025Estado de cumplimiento Creemos firmemente que Internet debe estar disponible y accesible para todos, y estamos comprometidos a proporcionar un sitio web que sea accesible para la audiencia m\u00e1s amplia posible, independientemente de las circunstancias y la capacidad. Para cumplir con esto, nuestro objetivo es adherirnos lo m\u00e1s estrictamente posible a [&hellip;]<\/p>","protected":false},"author":1,"featured_media":0,"parent":0,"menu_order":0,"comment_status":"closed","ping_status":"closed","template":"","meta":{"footnotes":""},"class_list":["post-650","page","type-page","status-publish","hentry"],"yoast_head":"<!-- This site is optimized with the Yoast SEO plugin v25.3.1 - https:\/\/yoast.com\/wordpress\/plugins\/seo\/ -->\n<title>Accesibilidad - Km5 Cantera El Roc\u00e0<\/title>\n<meta name=\"robots\" content=\"noindex, nofollow\" \/>\n<meta property=\"og:locale\" content=\"ca_ES\" \/>\n<meta property=\"og:type\" content=\"article\" \/>\n<meta property=\"og:title\" content=\"Accesibilidad - Km5 Cantera El Roc\u00e0\" \/>\n<meta property=\"og:description\" content=\"Declaraci\u00f3n de accesibilidad \u00a0 km5international.com15\/01\/2025Estado de cumplimiento Creemos firmemente que Internet debe estar disponible y accesible para todos, y estamos comprometidos a proporcionar un sitio web que sea accesible para la audiencia m\u00e1s amplia posible, independientemente de las circunstancias y la capacidad. Para cumplir con esto, nuestro objetivo es adherirnos lo m\u00e1s estrictamente posible a [&hellip;]\" \/>\n<meta property=\"og:url\" content=\"https:\/\/www.km5international.com\/ca\/accesibilidad\/\" \/>\n<meta property=\"og:site_name\" content=\"Km5 Cantera El Roc\u00e0\" \/>\n<meta property=\"article:modified_time\" content=\"2025-01-30T12:35:21+00:00\" \/>\n<meta name=\"twitter:card\" content=\"summary_large_image\" \/>\n<meta name=\"twitter:label1\" content=\"Temps estimat de lectura\" \/>\n\t<meta name=\"twitter:data1\" content=\"5 minuts\" \/>\n<script type=\"application\/ld+json\" class=\"yoast-schema-graph\">{\"@context\":\"https:\/\/schema.org\",\"@graph\":[{\"@type\":\"WebPage\",\"@id\":\"https:\/\/www.km5international.com\/accesibilidad\/\",\"url\":\"https:\/\/www.km5international.com\/accesibilidad\/\",\"name\":\"Accesibilidad - Km5 Cantera El Roc\u00e0\",\"isPartOf\":{\"@id\":\"https:\/\/www.km5international.com\/ca\/#website\"},\"datePublished\":\"2025-01-30T12:33:22+00:00\",\"dateModified\":\"2025-01-30T12:35:21+00:00\",\"breadcrumb\":{\"@id\":\"https:\/\/www.km5international.com\/accesibilidad\/#breadcrumb\"},\"inLanguage\":\"ca\",\"potentialAction\":[{\"@type\":\"ReadAction\",\"target\":[\"https:\/\/www.km5international.com\/accesibilidad\/\"]}]},{\"@type\":\"BreadcrumbList\",\"@id\":\"https:\/\/www.km5international.com\/accesibilidad\/#breadcrumb\",\"itemListElement\":[{\"@type\":\"ListItem\",\"position\":1,\"name\":\"Portada\",\"item\":\"https:\/\/www.km5international.com\/\"},{\"@type\":\"ListItem\",\"position\":2,\"name\":\"Accesibilidad\"}]},{\"@type\":\"WebSite\",\"@id\":\"https:\/\/www.km5international.com\/ca\/#website\",\"url\":\"https:\/\/www.km5international.com\/ca\/\",\"name\":\"Km5 Cantera El Roc\u00e0\",\"description\":\"Cantera el Roc\u00e0\",\"publisher\":{\"@id\":\"https:\/\/www.km5international.com\/ca\/#organization\"},\"potentialAction\":[{\"@type\":\"SearchAction\",\"target\":{\"@type\":\"EntryPoint\",\"urlTemplate\":\"https:\/\/www.km5international.com\/ca\/?s={search_term_string}\"},\"query-input\":{\"@type\":\"PropertyValueSpecification\",\"valueRequired\":true,\"valueName\":\"search_term_string\"}}],\"inLanguage\":\"ca\"},{\"@type\":\"Organization\",\"@id\":\"https:\/\/www.km5international.com\/ca\/#organization\",\"name\":\"Km5 Cantera El Roc\u00e0\",\"url\":\"https:\/\/www.km5international.com\/ca\/\",\"logo\":{\"@type\":\"ImageObject\",\"inLanguage\":\"ca\",\"@id\":\"https:\/\/www.km5international.com\/ca\/#\/schema\/logo\/image\/\",\"url\":\"https:\/\/www.km5international.com\/wp-content\/uploads\/2024\/06\/cropped-v.8-km5.png\",\"contentUrl\":\"https:\/\/www.km5international.com\/wp-content\/uploads\/2024\/06\/cropped-v.8-km5.png\",\"width\":377,\"height\":106,\"caption\":\"Km5 Cantera El Roc\u00e0\"},\"image\":{\"@id\":\"https:\/\/www.km5international.com\/ca\/#\/schema\/logo\/image\/\"}}]}<\/script>\n<!-- \/ Yoast SEO plugin. -->","yoast_head_json":{"title":"Accesibilidad - Km5 Cantera El Roc\u00e0","robots":{"index":"noindex","follow":"nofollow"},"og_locale":"ca_ES","og_type":"article","og_title":"Accesibilidad - Km5 Cantera El Roc\u00e0","og_description":"Declaraci\u00f3n de accesibilidad \u00a0 km5international.com15\/01\/2025Estado de cumplimiento Creemos firmemente que Internet debe estar disponible y accesible para todos, y estamos comprometidos a proporcionar un sitio web que sea accesible para la audiencia m\u00e1s amplia posible, independientemente de las circunstancias y la capacidad. Para cumplir con esto, nuestro objetivo es adherirnos lo m\u00e1s estrictamente posible a [&hellip;]","og_url":"https:\/\/www.km5international.com\/ca\/accesibilidad\/","og_site_name":"Km5 Cantera El Roc\u00e0","article_modified_time":"2025-01-30T12:35:21+00:00","twitter_card":"summary_large_image","twitter_misc":{"Temps estimat de lectura":"5 minuts"},"schema":{"@context":"https:\/\/schema.org","@graph":[{"@type":"WebPage","@id":"https:\/\/www.km5international.com\/accesibilidad\/","url":"https:\/\/www.km5international.com\/accesibilidad\/","name":"Accesibilidad - Km5 Cantera El Roc\u00e0","isPartOf":{"@id":"https:\/\/www.km5international.com\/ca\/#website"},"datePublished":"2025-01-30T12:33:22+00:00","dateModified":"2025-01-30T12:35:21+00:00","breadcrumb":{"@id":"https:\/\/www.km5international.com\/accesibilidad\/#breadcrumb"},"inLanguage":"ca","potentialAction":[{"@type":"ReadAction","target":["https:\/\/www.km5international.com\/accesibilidad\/"]}]},{"@type":"BreadcrumbList","@id":"https:\/\/www.km5international.com\/accesibilidad\/#breadcrumb","itemListElement":[{"@type":"ListItem","position":1,"name":"Portada","item":"https:\/\/www.km5international.com\/"},{"@type":"ListItem","position":2,"name":"Accesibilidad"}]},{"@type":"WebSite","@id":"https:\/\/www.km5international.com\/ca\/#website","url":"https:\/\/www.km5international.com\/ca\/","name":"Km5 Cantera El Roc\u00e0","description":"Cantera el Roc\u00e0","publisher":{"@id":"https:\/\/www.km5international.com\/ca\/#organization"},"potentialAction":[{"@type":"SearchAction","target":{"@type":"EntryPoint","urlTemplate":"https:\/\/www.km5international.com\/ca\/?s={search_term_string}"},"query-input":{"@type":"PropertyValueSpecification","valueRequired":true,"valueName":"search_term_string"}}],"inLanguage":"ca"},{"@type":"Organization","@id":"https:\/\/www.km5international.com\/ca\/#organization","name":"Km5 Cantera El Roc\u00e0","url":"https:\/\/www.km5international.com\/ca\/","logo":{"@type":"ImageObject","inLanguage":"ca","@id":"https:\/\/www.km5international.com\/ca\/#\/schema\/logo\/image\/","url":"https:\/\/www.km5international.com\/wp-content\/uploads\/2024\/06\/cropped-v.8-km5.png","contentUrl":"https:\/\/www.km5international.com\/wp-content\/uploads\/2024\/06\/cropped-v.8-km5.png","width":377,"height":106,"caption":"Km5 Cantera El Roc\u00e0"},"image":{"@id":"https:\/\/www.km5international.com\/ca\/#\/schema\/logo\/image\/"}}]}},"_links":{"self":[{"href":"https:\/\/www.km5international.com\/ca\/wp-json\/wp\/v2\/pages\/650","targetHints":{"allow":["GET"]}}],"collection":[{"href":"https:\/\/www.km5international.com\/ca\/wp-json\/wp\/v2\/pages"}],"about":[{"href":"https:\/\/www.km5international.com\/ca\/wp-json\/wp\/v2\/types\/page"}],"author":[{"embeddable":true,"href":"https:\/\/www.km5international.com\/ca\/wp-json\/wp\/v2\/users\/1"}],"replies":[{"embeddable":true,"href":"https:\/\/www.km5international.com\/ca\/wp-json\/wp\/v2\/comments?post=650"}],"version-history":[{"count":4,"href":"https:\/\/www.km5international.com\/ca\/wp-json\/wp\/v2\/pages\/650\/revisions"}],"predecessor-version":[{"id":654,"href":"https:\/\/www.km5international.com\/ca\/wp-json\/wp\/v2\/pages\/650\/revisions\/654"}],"wp:attachment":[{"href":"https:\/\/www.km5international.com\/ca\/wp-json\/wp\/v2\/media?parent=650"}],"curies":[{"name":"wp","href":"https:\/\/api.w.org\/{rel}","templated":true}]}}