{"id":52,"date":"2021-01-30T09:25:57","date_gmt":"2021-01-30T08:25:57","guid":{"rendered":"https:\/\/km5.creatic.cat\/producto\/aqua-globes\/"},"modified":"2024-06-06T14:01:39","modified_gmt":"2024-06-06T12:01:39","slug":"arena-0-2","status":"publish","type":"product","link":"https:\/\/www.km5international.com\/ca\/producte\/arena-0-2\/","title":{"rendered":"Sorra 0-2"},"content":{"rendered":"<h3>Sorra 0-2<\/h3>\n<ul>\n<li>S'utilitza per a la fabricaci\u00f3 de morters, formigons, prefabricats i per a farciment de canonades en rases.<\/li>\n<\/ul>\n<p>&nbsp;<\/p>","protected":false},"excerpt":{"rendered":"<p>S'utilitza per a la fabricaci\u00f3 de morters, formigons, prefabricats i per a farciment de canonades en rases.<\/p>","protected":false},"featured_media":94,"comment_status":"open","ping_status":"closed","template":"","meta":[],"product_brand":[],"product_cat":[49],"product_tag":[],"class_list":{"0":"post-52","1":"product","2":"type-product","3":"status-publish","4":"has-post-thumbnail","6":"product_cat-arena","8":"first","9":"instock","10":"shipping-taxable","11":"product-type-simple"},"yoast_head":"<!-- This site is optimized with the Yoast SEO plugin v25.3.1 - https:\/\/yoast.com\/wordpress\/plugins\/seo\/ -->\n<title>Arena 0-2 - Km5 Cantera El Roc\u00e0<\/title>\n<meta name=\"robots\" content=\"index, follow, max-snippet:-1, max-image-preview:large, max-video-preview:-1\" \/>\n<link rel=\"canonical\" href=\"https:\/\/www.km5international.com\/ca\/producte\/arena-0-2\/\" \/>\n<meta property=\"og:locale\" content=\"ca_ES\" \/>\n<meta property=\"og:type\" content=\"article\" \/>\n<meta property=\"og:title\" content=\"Arena 0-2 - Km5 Cantera El Roc\u00e0\" \/>\n<meta property=\"og:description\" content=\"Se utiliza para la fabricaci\u00f3n de morteros, hormigones, prefabricados y para relleno de tuber\u00edas en zanjas.\" \/>\n<meta property=\"og:url\" content=\"https:\/\/www.km5international.com\/ca\/producte\/arena-0-2\/\" \/>\n<meta property=\"og:site_name\" content=\"Km5 Cantera El Roc\u00e0\" \/>\n<meta property=\"article:modified_time\" content=\"2024-06-06T12:01:39+00:00\" \/>\n<meta property=\"og:image\" content=\"https:\/\/www.km5international.com\/wp-content\/uploads\/2024\/06\/KM5_0189-scaled.jpg\" \/>\n\t<meta property=\"og:image:width\" content=\"2560\" \/>\n\t<meta property=\"og:image:height\" content=\"1708\" \/>\n\t<meta property=\"og:image:type\" content=\"image\/jpeg\" \/>\n<meta name=\"twitter:card\" content=\"summary_large_image\" \/>\n<script type=\"application\/ld+json\" class=\"yoast-schema-graph\">{\"@context\":\"https:\/\/schema.org\",\"@graph\":[{\"@type\":\"WebPage\",\"@id\":\"https:\/\/www.km5international.com\/producto\/arena-0-2\/\",\"url\":\"https:\/\/www.km5international.com\/producto\/arena-0-2\/\",\"name\":\"Arena 0-2 - Km5 Cantera El Roc\u00e0\",\"isPartOf\":{\"@id\":\"https:\/\/www.km5international.com\/ca\/#website\"},\"primaryImageOfPage\":{\"@id\":\"https:\/\/www.km5international.com\/producto\/arena-0-2\/#primaryimage\"},\"image\":{\"@id\":\"https:\/\/www.km5international.com\/producto\/arena-0-2\/#primaryimage\"},\"thumbnailUrl\":\"https:\/\/www.km5international.com\/wp-content\/uploads\/2024\/06\/KM5_0189-scaled.jpg\",\"datePublished\":\"2021-01-30T08:25:57+00:00\",\"dateModified\":\"2024-06-06T12:01:39+00:00\",\"breadcrumb\":{\"@id\":\"https:\/\/www.km5international.com\/producto\/arena-0-2\/#breadcrumb\"},\"inLanguage\":\"ca\",\"potentialAction\":[{\"@type\":\"ReadAction\",\"target\":[\"https:\/\/www.km5international.com\/producto\/arena-0-2\/\"]}]},{\"@type\":\"ImageObject\",\"inLanguage\":\"ca\",\"@id\":\"https:\/\/www.km5international.com\/producto\/arena-0-2\/#primaryimage\",\"url\":\"https:\/\/www.km5international.com\/wp-content\/uploads\/2024\/06\/KM5_0189-scaled.jpg\",\"contentUrl\":\"https:\/\/www.km5international.com\/wp-content\/uploads\/2024\/06\/KM5_0189-scaled.jpg\",\"width\":2560,\"height\":1708},{\"@type\":\"BreadcrumbList\",\"@id\":\"https:\/\/www.km5international.com\/producto\/arena-0-2\/#breadcrumb\",\"itemListElement\":[{\"@type\":\"ListItem\",\"position\":1,\"name\":\"Portada\",\"item\":\"https:\/\/www.km5international.com\/\"},{\"@type\":\"ListItem\",\"position\":2,\"name\":\"Shop\",\"item\":\"https:\/\/www.km5international.com\/ca\/?page_id=72\"},{\"@type\":\"ListItem\",\"position\":3,\"name\":\"Arena 0-2\"}]},{\"@type\":\"WebSite\",\"@id\":\"https:\/\/www.km5international.com\/ca\/#website\",\"url\":\"https:\/\/www.km5international.com\/ca\/\",\"name\":\"Km5 Cantera El Roc\u00e0\",\"description\":\"Cantera el Roc\u00e0\",\"publisher\":{\"@id\":\"https:\/\/www.km5international.com\/ca\/#organization\"},\"potentialAction\":[{\"@type\":\"SearchAction\",\"target\":{\"@type\":\"EntryPoint\",\"urlTemplate\":\"https:\/\/www.km5international.com\/ca\/?s={search_term_string}\"},\"query-input\":{\"@type\":\"PropertyValueSpecification\",\"valueRequired\":true,\"valueName\":\"search_term_string\"}}],\"inLanguage\":\"ca\"},{\"@type\":\"Organization\",\"@id\":\"https:\/\/www.km5international.com\/ca\/#organization\",\"name\":\"Km5 Cantera El Roc\u00e0\",\"url\":\"https:\/\/www.km5international.com\/ca\/\",\"logo\":{\"@type\":\"ImageObject\",\"inLanguage\":\"ca\",\"@id\":\"https:\/\/www.km5international.com\/ca\/#\/schema\/logo\/image\/\",\"url\":\"https:\/\/www.km5international.com\/wp-content\/uploads\/2024\/06\/cropped-v.8-km5.png\",\"contentUrl\":\"https:\/\/www.km5international.com\/wp-content\/uploads\/2024\/06\/cropped-v.8-km5.png\",\"width\":377,\"height\":106,\"caption\":\"Km5 Cantera El Roc\u00e0\"},\"image\":{\"@id\":\"https:\/\/www.km5international.com\/ca\/#\/schema\/logo\/image\/\"}}]}<\/script>\n<!-- \/ Yoast SEO plugin. -->","yoast_head_json":{"title":"Arena 0-2 - Km5 Cantera El Roc\u00e0","robots":{"index":"index","follow":"follow","max-snippet":"max-snippet:-1","max-image-preview":"max-image-preview:large","max-video-preview":"max-video-preview:-1"},"canonical":"https:\/\/www.km5international.com\/ca\/producte\/arena-0-2\/","og_locale":"ca_ES","og_type":"article","og_title":"Arena 0-2 - Km5 Cantera El Roc\u00e0","og_description":"Se utiliza para la fabricaci\u00f3n de morteros, hormigones, prefabricados y para relleno de tuber\u00edas en zanjas.","og_url":"https:\/\/www.km5international.com\/ca\/producte\/arena-0-2\/","og_site_name":"Km5 Cantera El Roc\u00e0","article_modified_time":"2024-06-06T12:01:39+00:00","og_image":[{"width":2560,"height":1708,"url":"https:\/\/www.km5international.com\/wp-content\/uploads\/2024\/06\/KM5_0189-scaled.jpg","type":"image\/jpeg"}],"twitter_card":"summary_large_image","schema":{"@context":"https:\/\/schema.org","@graph":[{"@type":"WebPage","@id":"https:\/\/www.km5international.com\/producto\/arena-0-2\/","url":"https:\/\/www.km5international.com\/producto\/arena-0-2\/","name":"Arena 0-2 - Km5 Cantera El Roc\u00e0","isPartOf":{"@id":"https:\/\/www.km5international.com\/ca\/#website"},"primaryImageOfPage":{"@id":"https:\/\/www.km5international.com\/producto\/arena-0-2\/#primaryimage"},"image":{"@id":"https:\/\/www.km5international.com\/producto\/arena-0-2\/#primaryimage"},"thumbnailUrl":"https:\/\/www.km5international.com\/wp-content\/uploads\/2024\/06\/KM5_0189-scaled.jpg","datePublished":"2021-01-30T08:25:57+00:00","dateModified":"2024-06-06T12:01:39+00:00","breadcrumb":{"@id":"https:\/\/www.km5international.com\/producto\/arena-0-2\/#breadcrumb"},"inLanguage":"ca","potentialAction":[{"@type":"ReadAction","target":["https:\/\/www.km5international.com\/producto\/arena-0-2\/"]}]},{"@type":"ImageObject","inLanguage":"ca","@id":"https:\/\/www.km5international.com\/producto\/arena-0-2\/#primaryimage","url":"https:\/\/www.km5international.com\/wp-content\/uploads\/2024\/06\/KM5_0189-scaled.jpg","contentUrl":"https:\/\/www.km5international.com\/wp-content\/uploads\/2024\/06\/KM5_0189-scaled.jpg","width":2560,"height":1708},{"@type":"BreadcrumbList","@id":"https:\/\/www.km5international.com\/producto\/arena-0-2\/#breadcrumb","itemListElement":[{"@type":"ListItem","position":1,"name":"Portada","item":"https:\/\/www.km5international.com\/"},{"@type":"ListItem","position":2,"name":"Shop","item":"https:\/\/www.km5international.com\/ca\/?page_id=72"},{"@type":"ListItem","position":3,"name":"Arena 0-2"}]},{"@type":"WebSite","@id":"https:\/\/www.km5international.com\/ca\/#website","url":"https:\/\/www.km5international.com\/ca\/","name":"Km5 Cantera El Roc\u00e0","description":"Cantera el Roc\u00e0","publisher":{"@id":"https:\/\/www.km5international.com\/ca\/#organization"},"potentialAction":[{"@type":"SearchAction","target":{"@type":"EntryPoint","urlTemplate":"https:\/\/www.km5international.com\/ca\/?s={search_term_string}"},"query-input":{"@type":"PropertyValueSpecification","valueRequired":true,"valueName":"search_term_string"}}],"inLanguage":"ca"},{"@type":"Organization","@id":"https:\/\/www.km5international.com\/ca\/#organization","name":"Km5 Cantera El Roc\u00e0","url":"https:\/\/www.km5international.com\/ca\/","logo":{"@type":"ImageObject","inLanguage":"ca","@id":"https:\/\/www.km5international.com\/ca\/#\/schema\/logo\/image\/","url":"https:\/\/www.km5international.com\/wp-content\/uploads\/2024\/06\/cropped-v.8-km5.png","contentUrl":"https:\/\/www.km5international.com\/wp-content\/uploads\/2024\/06\/cropped-v.8-km5.png","width":377,"height":106,"caption":"Km5 Cantera El Roc\u00e0"},"image":{"@id":"https:\/\/www.km5international.com\/ca\/#\/schema\/logo\/image\/"}}]}},"_links":{"self":[{"href":"https:\/\/www.km5international.com\/ca\/wp-json\/wp\/v2\/product\/52","targetHints":{"allow":["GET"]}}],"collection":[{"href":"https:\/\/www.km5international.com\/ca\/wp-json\/wp\/v2\/product"}],"about":[{"href":"https:\/\/www.km5international.com\/ca\/wp-json\/wp\/v2\/types\/product"}],"replies":[{"embeddable":true,"href":"https:\/\/www.km5international.com\/ca\/wp-json\/wp\/v2\/comments?post=52"}],"wp:featuredmedia":[{"embeddable":true,"href":"https:\/\/www.km5international.com\/ca\/wp-json\/wp\/v2\/media\/94"}],"wp:attachment":[{"href":"https:\/\/www.km5international.com\/ca\/wp-json\/wp\/v2\/media?parent=52"}],"wp:term":[{"taxonomy":"product_brand","embeddable":true,"href":"https:\/\/www.km5international.com\/ca\/wp-json\/wp\/v2\/product_brand?post=52"},{"taxonomy":"product_cat","embeddable":true,"href":"https:\/\/www.km5international.com\/ca\/wp-json\/wp\/v2\/product_cat?post=52"},{"taxonomy":"product_tag","embeddable":true,"href":"https:\/\/www.km5international.com\/ca\/wp-json\/wp\/v2\/product_tag?post=52"}],"curies":[{"name":"wp","href":"https:\/\/api.w.org\/{rel}","templated":true}]}}